{"id":34912,"date":"2025-02-08T10:52:37","date_gmt":"2025-02-08T10:52:37","guid":{"rendered":"https:\/\/lacelestina.co\/?post_type=product&#038;p=34912"},"modified":"2025-06-05T01:15:50","modified_gmt":"2025-06-05T06:15:50","slug":"munecas-sexuales-de-material-100-tpe-con-3-orificios","status":"publish","type":"product","link":"https:\/\/cherrywine.org\/es\/shop\/tpe-sex-dolls\/munecas-sexuales-de-material-100-tpe-con-3-orificios\/","title":{"rendered":"Mu\u00f1ecas sexuales de material 100% TPE con 3 orificios"},"content":{"rendered":"","protected":false},"excerpt":{"rendered":"<p>1 pza. Mu\u00f1ecas sexuales de material 100% TPE con 3 orificios Orales Vagina Anal Pecho suave Mu\u00f1eca sexy Mu\u00f1ecas de amor para exclusiveos Mu\u00f1ecas sexuales para Hombre Para juguetes sexuales reales Tener regalos<\/p>\n<p>Fuente de alimentaci\u00f3n: Uso sin electricidad<br \/>\nCaracter\u00edsticas de la bater\u00eda: Sin bater\u00eda<br \/>\nMarca: ZIMFANQI<br \/>\nMaterial: Elast\u00f3mero termopl\u00e1stico (tpe)<br \/>\nCon Cabeza\/Sin Cabeza: Sin cabeza<br \/>\nAltura del juguete sexual: 142cm<\/p>\n","protected":false},"featured_media":34917,"template":"","meta":{"_acf_changed":false},"product_brand":[],"product_cat":[679],"product_tag":[],"class_list":{"0":"post-34912","1":"product","2":"type-product","3":"status-publish","4":"has-post-thumbnail","6":"product_cat-tpe-sex-dolls","8":"first","9":"instock","10":"shipping-taxable","11":"purchasable","12":"product-type-simple"},"acf":[],"_links":{"self":[{"href":"https:\/\/cherrywine.org\/es\/wp-json\/wp\/v2\/product\/34912","targetHints":{"allow":["GET"]}}],"collection":[{"href":"https:\/\/cherrywine.org\/es\/wp-json\/wp\/v2\/product"}],"about":[{"href":"https:\/\/cherrywine.org\/es\/wp-json\/wp\/v2\/types\/product"}],"wp:featuredmedia":[{"embeddable":true,"href":"https:\/\/cherrywine.org\/es\/wp-json\/wp\/v2\/media\/34917"}],"wp:attachment":[{"href":"https:\/\/cherrywine.org\/es\/wp-json\/wp\/v2\/media?parent=34912"}],"wp:term":[{"taxonomy":"product_brand","embeddable":true,"href":"https:\/\/cherrywine.org\/es\/wp-json\/wp\/v2\/product_brand?post=34912"},{"taxonomy":"product_cat","embeddable":true,"href":"https:\/\/cherrywine.org\/es\/wp-json\/wp\/v2\/product_cat?post=34912"},{"taxonomy":"product_tag","embeddable":true,"href":"https:\/\/cherrywine.org\/es\/wp-json\/wp\/v2\/product_tag?post=34912"}],"curies":[{"name":"wp","href":"https:\/\/api.w.org\/{rel}","templated":true}]}}