{"id":34930,"date":"2025-02-08T11:23:04","date_gmt":"2025-02-08T11:23:04","guid":{"rendered":"https:\/\/lacelestina.co\/?post_type=product&#038;p=34930"},"modified":"2025-02-08T11:24:42","modified_gmt":"2025-02-08T11:24:42","slug":"muneca-realista-4-en-1-de-cuerpo-completo","status":"publish","type":"product","link":"https:\/\/cherrywine.org\/es\/shop\/sex-dolls\/muneca-realista-4-en-1-de-cuerpo-completo\/","title":{"rendered":"Mu\u00f1eca Realista 4-en-1 de Cuerpo Completo"},"content":{"rendered":"","protected":false},"excerpt":{"rendered":"<p>1pc Mu\u00f1eca Realista 4-en-1 de Cuerpo Completo, Piernas Flexibles, Material TPE Realista, Sin Cabeza, 22.44 pulgadas, Dos Pasajes Vaginales, Esqueleto Incorporado, Juguete Sexual para exclusiveos para Hombres<\/p>\n<p>Fuente de alimentaci\u00f3n: Uso sin electricidad<br \/>\nCaracter\u00edsticas de la bater\u00eda: Sin bater\u00eda<br \/>\nMaterial: Elast\u00f3mero termopl\u00e1stico (tpe)<br \/>\nCon Cabeza\/Sin Cabeza: Sin cabeza<br \/>\nAltura del juguete sexual: 57cm<\/p>\n","protected":false},"featured_media":34931,"template":"","meta":{"_acf_changed":false},"product_brand":[],"product_cat":[396],"product_tag":[],"class_list":{"0":"post-34930","1":"product","2":"type-product","3":"status-publish","4":"has-post-thumbnail","6":"product_cat-sex-dolls","8":"first","9":"instock","10":"shipping-taxable","11":"purchasable","12":"product-type-simple"},"acf":[],"_links":{"self":[{"href":"https:\/\/cherrywine.org\/es\/wp-json\/wp\/v2\/product\/34930","targetHints":{"allow":["GET"]}}],"collection":[{"href":"https:\/\/cherrywine.org\/es\/wp-json\/wp\/v2\/product"}],"about":[{"href":"https:\/\/cherrywine.org\/es\/wp-json\/wp\/v2\/types\/product"}],"wp:featuredmedia":[{"embeddable":true,"href":"https:\/\/cherrywine.org\/es\/wp-json\/wp\/v2\/media\/34931"}],"wp:attachment":[{"href":"https:\/\/cherrywine.org\/es\/wp-json\/wp\/v2\/media?parent=34930"}],"wp:term":[{"taxonomy":"product_brand","embeddable":true,"href":"https:\/\/cherrywine.org\/es\/wp-json\/wp\/v2\/product_brand?post=34930"},{"taxonomy":"product_cat","embeddable":true,"href":"https:\/\/cherrywine.org\/es\/wp-json\/wp\/v2\/product_cat?post=34930"},{"taxonomy":"product_tag","embeddable":true,"href":"https:\/\/cherrywine.org\/es\/wp-json\/wp\/v2\/product_tag?post=34930"}],"curies":[{"name":"wp","href":"https:\/\/api.w.org\/{rel}","templated":true}]}}