{"id":34942,"date":"2025-02-08T11:32:47","date_gmt":"2025-02-08T11:32:47","guid":{"rendered":"https:\/\/lacelestina.co\/?post_type=product&#038;p=34942"},"modified":"2025-02-08T11:32:49","modified_gmt":"2025-02-08T11:32:49","slug":"masturbador-automatico-masculino-3-en-1","status":"publish","type":"product","link":"https:\/\/cherrywine.org\/es\/shop\/sin-categoria\/masturbador-automatico-masculino-3-en-1\/","title":{"rendered":"Masturbador Autom\u00e1tico Masculino 3 en 1"},"content":{"rendered":"","protected":false},"excerpt":{"rendered":"<p>1pc Masturbador Autom\u00e1tico Masculino 3 en 1 con 4 Modos de Vibraci\u00f3n y Empuje &#038; 4 Modos de Succi\u00f3n, Masajeador para exclusiveos Masculinos, Pantalla LED, Canal TPE Ultra Suave, Vibrador Autom\u00e1tico Recargable, F\u00e1cil de Desmontar y Limpiar, Juguetes Sexuales de Bajo Ruido para Hombres<\/p>\n<p>Fuente de alimentaci\u00f3n: Carga por USB<br \/>\nCaracter\u00edsticas de la bater\u00eda: Bater\u00eda recargable<br \/>\nPila recargable: Bater\u00eda de litio<br \/>\nMaterial: Silicona<br \/>\nCapacidad de la bater\u00eda (mAh): 2000MAh<\/p>\n","protected":false},"featured_media":34943,"template":"","meta":{"_acf_changed":false},"product_brand":[],"product_cat":[247],"product_tag":[],"class_list":{"0":"post-34942","1":"product","2":"type-product","3":"status-publish","4":"has-post-thumbnail","6":"product_cat-sin-categoria","8":"first","9":"instock","10":"shipping-taxable","11":"purchasable","12":"product-type-simple"},"acf":[],"_links":{"self":[{"href":"https:\/\/cherrywine.org\/es\/wp-json\/wp\/v2\/product\/34942","targetHints":{"allow":["GET"]}}],"collection":[{"href":"https:\/\/cherrywine.org\/es\/wp-json\/wp\/v2\/product"}],"about":[{"href":"https:\/\/cherrywine.org\/es\/wp-json\/wp\/v2\/types\/product"}],"wp:featuredmedia":[{"embeddable":true,"href":"https:\/\/cherrywine.org\/es\/wp-json\/wp\/v2\/media\/34943"}],"wp:attachment":[{"href":"https:\/\/cherrywine.org\/es\/wp-json\/wp\/v2\/media?parent=34942"}],"wp:term":[{"taxonomy":"product_brand","embeddable":true,"href":"https:\/\/cherrywine.org\/es\/wp-json\/wp\/v2\/product_brand?post=34942"},{"taxonomy":"product_cat","embeddable":true,"href":"https:\/\/cherrywine.org\/es\/wp-json\/wp\/v2\/product_cat?post=34942"},{"taxonomy":"product_tag","embeddable":true,"href":"https:\/\/cherrywine.org\/es\/wp-json\/wp\/v2\/product_tag?post=34942"}],"curies":[{"name":"wp","href":"https:\/\/api.w.org\/{rel}","templated":true}]}}