{"id":34958,"date":"2025-02-08T11:45:36","date_gmt":"2025-02-08T11:45:36","guid":{"rendered":"https:\/\/lacelestina.co\/?post_type=product&#038;p=34958"},"modified":"2025-02-08T11:45:38","modified_gmt":"2025-02-08T11:45:38","slug":"vibrador-anal-masculino-con-anillo-para-el-pene","status":"publish","type":"product","link":"https:\/\/cherrywine.org\/es\/shop\/sin-categoria\/vibrador-anal-masculino-con-anillo-para-el-pene\/","title":{"rendered":"Vibrador Anal Masculino con Anillo para el Pene"},"content":{"rendered":"","protected":false},"excerpt":{"rendered":"<p>Vibrador Anal Masculino con Anillo para el Pene, 9 Golpes Oscilantes y Vibrador Anal con Dildo Vibrador, Juguete Sexual para Hombres exclusiveos, Adecuado para Principiantes y Jugadores Avanzados, Juguetes para Parejas Gay<\/p>\n<p>Fuente de alimentaci\u00f3n: Carga por USB<br \/>\nCaracter\u00edsticas de la bater\u00eda: Bater\u00eda recargable<br \/>\nPila recargable: Bater\u00eda de litio<br \/>\nMarca: DOIFX<br \/>\nCapacidad de la bater\u00eda (mAh): 1200<\/p>\n","protected":false},"featured_media":34959,"template":"","meta":{"_acf_changed":false},"product_brand":[],"product_cat":[247],"product_tag":[],"class_list":{"0":"post-34958","1":"product","2":"type-product","3":"status-publish","4":"has-post-thumbnail","6":"product_cat-sin-categoria","8":"first","9":"instock","10":"sale","11":"shipping-taxable","12":"purchasable","13":"product-type-simple"},"acf":[],"_links":{"self":[{"href":"https:\/\/cherrywine.org\/es\/wp-json\/wp\/v2\/product\/34958","targetHints":{"allow":["GET"]}}],"collection":[{"href":"https:\/\/cherrywine.org\/es\/wp-json\/wp\/v2\/product"}],"about":[{"href":"https:\/\/cherrywine.org\/es\/wp-json\/wp\/v2\/types\/product"}],"wp:featuredmedia":[{"embeddable":true,"href":"https:\/\/cherrywine.org\/es\/wp-json\/wp\/v2\/media\/34959"}],"wp:attachment":[{"href":"https:\/\/cherrywine.org\/es\/wp-json\/wp\/v2\/media?parent=34958"}],"wp:term":[{"taxonomy":"product_brand","embeddable":true,"href":"https:\/\/cherrywine.org\/es\/wp-json\/wp\/v2\/product_brand?post=34958"},{"taxonomy":"product_cat","embeddable":true,"href":"https:\/\/cherrywine.org\/es\/wp-json\/wp\/v2\/product_cat?post=34958"},{"taxonomy":"product_tag","embeddable":true,"href":"https:\/\/cherrywine.org\/es\/wp-json\/wp\/v2\/product_tag?post=34958"}],"curies":[{"name":"wp","href":"https:\/\/api.w.org\/{rel}","templated":true}]}}