{"id":35611,"date":"2025-02-13T08:44:26","date_gmt":"2025-02-13T08:44:26","guid":{"rendered":"https:\/\/lacelestina.co\/?post_type=product&#038;p=35611"},"modified":"2025-02-13T08:44:28","modified_gmt":"2025-02-13T08:44:28","slug":"muneca-sexual-de-cuerpo-completo-para-hombres","status":"publish","type":"product","link":"https:\/\/cherrywine.org\/es\/shop\/sex-dolls\/muneca-sexual-de-cuerpo-completo-para-hombres\/","title":{"rendered":"Mu\u00f1eca sexual de cuerpo completo para hombres"},"content":{"rendered":"","protected":false},"excerpt":{"rendered":"<p>Mu\u00f1eca sexual de cuerpo completo para hombres, juguetes de masturbaci\u00f3n para hombres, art\u00edculos para exclusiveos para la masturbaci\u00f3n, juguetes para exclusiveos, hechos de material TPE con articulaciones ajustables, pecho y caderas grandes de gelatina, especialmente dise\u00f1ados para la masturbaci\u00f3n masculina, ideal para regalo de Halloween y Navidad.<\/p>\n<p>Fuente de alimentaci\u00f3n: Uso sin electricidad<br \/>\nCaracter\u00edsticas de la bater\u00eda: Sin bater\u00eda<br \/>\nMaterial: Elast\u00f3mero termopl\u00e1stico (tpe)<br \/>\nCon Cabeza\/Sin Cabeza: Sin cabeza<br \/>\nAltura del juguete sexual: 158cm<\/p>\n","protected":false},"featured_media":35612,"template":"","meta":{"_acf_changed":false},"product_brand":[],"product_cat":[396],"product_tag":[],"class_list":{"0":"post-35611","1":"product","2":"type-product","3":"status-publish","4":"has-post-thumbnail","6":"product_cat-sex-dolls","8":"first","9":"instock","10":"shipping-taxable","11":"purchasable","12":"product-type-simple"},"acf":[],"_links":{"self":[{"href":"https:\/\/cherrywine.org\/es\/wp-json\/wp\/v2\/product\/35611","targetHints":{"allow":["GET"]}}],"collection":[{"href":"https:\/\/cherrywine.org\/es\/wp-json\/wp\/v2\/product"}],"about":[{"href":"https:\/\/cherrywine.org\/es\/wp-json\/wp\/v2\/types\/product"}],"wp:featuredmedia":[{"embeddable":true,"href":"https:\/\/cherrywine.org\/es\/wp-json\/wp\/v2\/media\/35612"}],"wp:attachment":[{"href":"https:\/\/cherrywine.org\/es\/wp-json\/wp\/v2\/media?parent=35611"}],"wp:term":[{"taxonomy":"product_brand","embeddable":true,"href":"https:\/\/cherrywine.org\/es\/wp-json\/wp\/v2\/product_brand?post=35611"},{"taxonomy":"product_cat","embeddable":true,"href":"https:\/\/cherrywine.org\/es\/wp-json\/wp\/v2\/product_cat?post=35611"},{"taxonomy":"product_tag","embeddable":true,"href":"https:\/\/cherrywine.org\/es\/wp-json\/wp\/v2\/product_tag?post=35611"}],"curies":[{"name":"wp","href":"https:\/\/api.w.org\/{rel}","templated":true}]}}