{"id":35627,"date":"2025-02-13T08:54:35","date_gmt":"2025-02-13T08:54:35","guid":{"rendered":"https:\/\/lacelestina.co\/?post_type=product&#038;p=35627"},"modified":"2025-02-13T08:54:38","modified_gmt":"2025-02-13T08:54:38","slug":"munecas-sexuales-realistas-de-cuerpo-completo-de-4-6ft-55in-140cm-para-hombres","status":"publish","type":"product","link":"https:\/\/cherrywine.org\/es\/shop\/sex-dolls\/munecas-sexuales-realistas-de-cuerpo-completo-de-4-6ft-55in-140cm-para-hombres\/","title":{"rendered":"Mu\u00f1ecas Sexuales Realistas de Cuerpo Completo de 4.6ft\/55in\/140cm para Hombres"},"content":{"rendered":"","protected":false},"excerpt":{"rendered":"<p>Mu\u00f1ecas Sexuales Realistas de Cuerpo Completo de 4.6ft\/55in\/140cm para Hombres &#8211; Juguetes para exclusiveos Realistas con Caracter\u00edsticas de Alta Calidad para un Placer Discreto, Dise\u00f1o Duradero para Masturbaci\u00f3n, Accesorios de Juego Ex\u00f3ticos, Regalo Perfecto para San Valent\u00edn, Opciones a Granel para Compras de Vacaciones<\/p>\n<p>Fuente de alimentaci\u00f3n: Uso sin electricidad<br \/>\nCaracter\u00edsticas de la bater\u00eda: Sin bater\u00eda<br \/>\nMaterial: Elast\u00f3mero termopl\u00e1stico (tpe)<br \/>\nCon Cabeza\/Sin Cabeza: Sin cabeza<br \/>\nAltura del juguete sexual: 140cm<\/p>\n","protected":false},"featured_media":35628,"template":"","meta":{"_acf_changed":false},"product_brand":[],"product_cat":[396],"product_tag":[],"class_list":{"0":"post-35627","1":"product","2":"type-product","3":"status-publish","4":"has-post-thumbnail","6":"product_cat-sex-dolls","8":"first","9":"instock","10":"shipping-taxable","11":"purchasable","12":"product-type-simple"},"acf":[],"_links":{"self":[{"href":"https:\/\/cherrywine.org\/es\/wp-json\/wp\/v2\/product\/35627","targetHints":{"allow":["GET"]}}],"collection":[{"href":"https:\/\/cherrywine.org\/es\/wp-json\/wp\/v2\/product"}],"about":[{"href":"https:\/\/cherrywine.org\/es\/wp-json\/wp\/v2\/types\/product"}],"wp:featuredmedia":[{"embeddable":true,"href":"https:\/\/cherrywine.org\/es\/wp-json\/wp\/v2\/media\/35628"}],"wp:attachment":[{"href":"https:\/\/cherrywine.org\/es\/wp-json\/wp\/v2\/media?parent=35627"}],"wp:term":[{"taxonomy":"product_brand","embeddable":true,"href":"https:\/\/cherrywine.org\/es\/wp-json\/wp\/v2\/product_brand?post=35627"},{"taxonomy":"product_cat","embeddable":true,"href":"https:\/\/cherrywine.org\/es\/wp-json\/wp\/v2\/product_cat?post=35627"},{"taxonomy":"product_tag","embeddable":true,"href":"https:\/\/cherrywine.org\/es\/wp-json\/wp\/v2\/product_tag?post=35627"}],"curies":[{"name":"wp","href":"https:\/\/api.w.org\/{rel}","templated":true}]}}