{"id":35731,"date":"2025-02-13T15:01:02","date_gmt":"2025-02-13T15:01:02","guid":{"rendered":"https:\/\/lacelestina.co\/?post_type=product&#038;p=35731"},"modified":"2025-02-13T15:01:06","modified_gmt":"2025-02-13T15:01:06","slug":"muneca-de-cuerpo-femenino-realista","status":"publish","type":"product","link":"https:\/\/cherrywine.org\/es\/shop\/sex-toy\/muneca-de-cuerpo-femenino-realista\/","title":{"rendered":"Mu\u00f1eca de cuerpo femenino realista"},"content":{"rendered":"","protected":false},"excerpt":{"rendered":"<p>Mu\u00f1eca de cuerpo femenino realista, 3-en-1, bolsillo vagina trasero grandes senos ajustados, material TPE, 16,93 pulgadas de altura, sin cabeza, sin bater\u00eda, juguete sexual para exclusiveos para hombres<\/p>\n<p>Fuente de alimentaci\u00f3n: Uso sin electricidad<br \/>\nCaracter\u00edsticas de la bater\u00eda: Sin bater\u00eda<br \/>\nMaterial: Elast\u00f3mero termopl\u00e1stico (tpe)<br \/>\nCon Cabeza\/Sin Cabeza: Sin cabeza<br \/>\nAltura del juguete sexual: 43cm<\/p>\n","protected":false},"featured_media":35732,"template":"","meta":{"_acf_changed":false},"product_brand":[],"product_cat":[399],"product_tag":[],"class_list":{"0":"post-35731","1":"product","2":"type-product","3":"status-publish","4":"has-post-thumbnail","6":"product_cat-sex-toy","8":"first","9":"instock","10":"sale","11":"shipping-taxable","12":"purchasable","13":"product-type-simple"},"acf":[],"_links":{"self":[{"href":"https:\/\/cherrywine.org\/es\/wp-json\/wp\/v2\/product\/35731","targetHints":{"allow":["GET"]}}],"collection":[{"href":"https:\/\/cherrywine.org\/es\/wp-json\/wp\/v2\/product"}],"about":[{"href":"https:\/\/cherrywine.org\/es\/wp-json\/wp\/v2\/types\/product"}],"wp:featuredmedia":[{"embeddable":true,"href":"https:\/\/cherrywine.org\/es\/wp-json\/wp\/v2\/media\/35732"}],"wp:attachment":[{"href":"https:\/\/cherrywine.org\/es\/wp-json\/wp\/v2\/media?parent=35731"}],"wp:term":[{"taxonomy":"product_brand","embeddable":true,"href":"https:\/\/cherrywine.org\/es\/wp-json\/wp\/v2\/product_brand?post=35731"},{"taxonomy":"product_cat","embeddable":true,"href":"https:\/\/cherrywine.org\/es\/wp-json\/wp\/v2\/product_cat?post=35731"},{"taxonomy":"product_tag","embeddable":true,"href":"https:\/\/cherrywine.org\/es\/wp-json\/wp\/v2\/product_tag?post=35731"}],"curies":[{"name":"wp","href":"https:\/\/api.w.org\/{rel}","templated":true}]}}