{"id":35771,"date":"2025-02-13T16:19:59","date_gmt":"2025-02-13T16:19:59","guid":{"rendered":"https:\/\/lacelestina.co\/?post_type=product&#038;p=35771"},"modified":"2025-02-13T16:20:02","modified_gmt":"2025-02-13T16:20:02","slug":"masturbador-electrico-masculino-2-piezas-conjunto-de-combinacion-de-pantalones-portatiles-manos-libres","status":"publish","type":"product","link":"https:\/\/cherrywine.org\/es\/shop\/sex-toy\/masturbador-electrico-masculino-2-piezas-conjunto-de-combinacion-de-pantalones-portatiles-manos-libres\/","title":{"rendered":"Masturbador el\u00e9ctrico masculino\/2 piezas Conjunto de combinaci\u00f3n de pantalones port\u00e1tiles manos libres"},"content":{"rendered":"","protected":false},"excerpt":{"rendered":"<p>1pc Masturbador El\u00e9ctrico Masculino\/Conjunto de 2pcs Pantalones Port\u00e1tiles Sin Manos, Juguete Sexual Masculino Totalmente Autom\u00e1tico, 7 Modos de Vibraci\u00f3n de Lamer la Lengua &#038; 7 Modos de Chupar &#038; 7 Modos de Rotaci\u00f3n, Cama Vibradora El\u00e9ctrica de Bolsillo con Manga 3D de Gato, Copa de Spa, Dise\u00f1o de Pantalla T\u00e1ctil LCD<\/p>\n<p>Material: TPE<br \/>\nEstampado: Color liso<br \/>\nModo de alimentaci\u00f3n: Carga USB<br \/>\nInstrucciones de cuidado: Lavar a mano, no lavar en seco<\/p>\n","protected":false},"featured_media":35772,"template":"","meta":{"_acf_changed":false},"product_brand":[],"product_cat":[399],"product_tag":[],"class_list":{"0":"post-35771","1":"product","2":"type-product","3":"status-publish","4":"has-post-thumbnail","6":"product_cat-sex-toy","8":"first","9":"instock","10":"shipping-taxable","11":"purchasable","12":"product-type-simple"},"acf":[],"_links":{"self":[{"href":"https:\/\/cherrywine.org\/es\/wp-json\/wp\/v2\/product\/35771","targetHints":{"allow":["GET"]}}],"collection":[{"href":"https:\/\/cherrywine.org\/es\/wp-json\/wp\/v2\/product"}],"about":[{"href":"https:\/\/cherrywine.org\/es\/wp-json\/wp\/v2\/types\/product"}],"wp:featuredmedia":[{"embeddable":true,"href":"https:\/\/cherrywine.org\/es\/wp-json\/wp\/v2\/media\/35772"}],"wp:attachment":[{"href":"https:\/\/cherrywine.org\/es\/wp-json\/wp\/v2\/media?parent=35771"}],"wp:term":[{"taxonomy":"product_brand","embeddable":true,"href":"https:\/\/cherrywine.org\/es\/wp-json\/wp\/v2\/product_brand?post=35771"},{"taxonomy":"product_cat","embeddable":true,"href":"https:\/\/cherrywine.org\/es\/wp-json\/wp\/v2\/product_cat?post=35771"},{"taxonomy":"product_tag","embeddable":true,"href":"https:\/\/cherrywine.org\/es\/wp-json\/wp\/v2\/product_tag?post=35771"}],"curies":[{"name":"wp","href":"https:\/\/api.w.org\/{rel}","templated":true}]}}