{"id":38240,"date":"2025-02-25T13:14:16","date_gmt":"2025-02-25T18:14:16","guid":{"rendered":"https:\/\/dev-code.in\/?post_type=product&#038;p=38240"},"modified":"2025-02-25T13:14:18","modified_gmt":"2025-02-25T18:14:18","slug":"juguetes-sexuales-para-hombres","status":"publish","type":"product","link":"https:\/\/cherrywine.org\/es\/shop\/sex-toy\/juguetes-sexuales-para-hombres\/","title":{"rendered":"juguetes sexuales para hombres"},"content":{"rendered":"","protected":false},"excerpt":{"rendered":"<p>Juguetes sexuales para hombres, 3 Modos de Succi\u00f3n &#038; 6 de Empuje &#038; 9 de Vibraci\u00f3n, Masturbador Autom\u00e1tico Masculino con Bomba El\u00e9ctrica para Pene con Mango, Vagina Simulada y Ventosa, Vibrador Masculino Recargable por USB, M\u00e1quina de Sexo para Parejas, Herramientas Sexuales para Hombres<\/p>\n<p>Fuente de alimentaci\u00f3n: Carga por bater\u00eda (sin enchufe)<br \/>\nCaracter\u00edsticas de la bater\u00eda: Bater\u00eda recargable<br \/>\nPila recargable: Bater\u00eda de litio<br \/>\nCapacidad de la bater\u00eda (mAh): 1200<\/p>\n","protected":false},"featured_media":38241,"template":"","meta":{"_acf_changed":false},"product_brand":[],"product_cat":[399],"product_tag":[],"class_list":{"0":"post-38240","1":"product","2":"type-product","3":"status-publish","4":"has-post-thumbnail","6":"product_cat-sex-toy","8":"first","9":"instock","10":"shipping-taxable","11":"purchasable","12":"product-type-simple"},"acf":[],"_links":{"self":[{"href":"https:\/\/cherrywine.org\/es\/wp-json\/wp\/v2\/product\/38240","targetHints":{"allow":["GET"]}}],"collection":[{"href":"https:\/\/cherrywine.org\/es\/wp-json\/wp\/v2\/product"}],"about":[{"href":"https:\/\/cherrywine.org\/es\/wp-json\/wp\/v2\/types\/product"}],"wp:featuredmedia":[{"embeddable":true,"href":"https:\/\/cherrywine.org\/es\/wp-json\/wp\/v2\/media\/38241"}],"wp:attachment":[{"href":"https:\/\/cherrywine.org\/es\/wp-json\/wp\/v2\/media?parent=38240"}],"wp:term":[{"taxonomy":"product_brand","embeddable":true,"href":"https:\/\/cherrywine.org\/es\/wp-json\/wp\/v2\/product_brand?post=38240"},{"taxonomy":"product_cat","embeddable":true,"href":"https:\/\/cherrywine.org\/es\/wp-json\/wp\/v2\/product_cat?post=38240"},{"taxonomy":"product_tag","embeddable":true,"href":"https:\/\/cherrywine.org\/es\/wp-json\/wp\/v2\/product_tag?post=38240"}],"curies":[{"name":"wp","href":"https:\/\/api.w.org\/{rel}","templated":true}]}}