{"id":38255,"date":"2025-02-26T00:06:10","date_gmt":"2025-02-26T05:06:10","guid":{"rendered":"https:\/\/dev-code.in\/?post_type=product&#038;p=38255"},"modified":"2025-02-26T00:06:11","modified_gmt":"2025-02-26T05:06:11","slug":"material-tpe-muneca-sexual-masculina-de-tamano-natural","status":"publish","type":"product","link":"https:\/\/cherrywine.org\/es\/shop\/sex-dolls\/material-tpe-muneca-sexual-masculina-de-tamano-natural\/","title":{"rendered":"Material TPE, mu\u00f1eca sexual masculina de tama\u00f1o natural"},"content":{"rendered":"","protected":false},"excerpt":{"rendered":"<p>Material TPE, Mu\u00f1eco sexual masculino de tama\u00f1o natural, Torso de mu\u00f1eca con gran trasero, masturbador de mu\u00f1eca sexual masculina, mu\u00f1eca sexual femenina realista con vagina p\u00fabica y sexo anal, juguete sexual para exclusiveos, mu\u00f1eco sexual masculino para hombres<\/p>\n<p>Fuente de alimentaci\u00f3n: Uso sin electricidad<br \/>\nCaracter\u00edsticas de la bater\u00eda: Sin bater\u00eda<br \/>\nMaterial: Elast\u00f3mero termopl\u00e1stico (tpe)<\/p>\n","protected":false},"featured_media":38256,"template":"","meta":{"_acf_changed":false},"product_brand":[],"product_cat":[396],"product_tag":[],"class_list":{"0":"post-38255","1":"product","2":"type-product","3":"status-publish","4":"has-post-thumbnail","6":"product_cat-sex-dolls","8":"first","9":"instock","10":"shipping-taxable","11":"purchasable","12":"product-type-simple"},"acf":[],"_links":{"self":[{"href":"https:\/\/cherrywine.org\/es\/wp-json\/wp\/v2\/product\/38255","targetHints":{"allow":["GET"]}}],"collection":[{"href":"https:\/\/cherrywine.org\/es\/wp-json\/wp\/v2\/product"}],"about":[{"href":"https:\/\/cherrywine.org\/es\/wp-json\/wp\/v2\/types\/product"}],"wp:featuredmedia":[{"embeddable":true,"href":"https:\/\/cherrywine.org\/es\/wp-json\/wp\/v2\/media\/38256"}],"wp:attachment":[{"href":"https:\/\/cherrywine.org\/es\/wp-json\/wp\/v2\/media?parent=38255"}],"wp:term":[{"taxonomy":"product_brand","embeddable":true,"href":"https:\/\/cherrywine.org\/es\/wp-json\/wp\/v2\/product_brand?post=38255"},{"taxonomy":"product_cat","embeddable":true,"href":"https:\/\/cherrywine.org\/es\/wp-json\/wp\/v2\/product_cat?post=38255"},{"taxonomy":"product_tag","embeddable":true,"href":"https:\/\/cherrywine.org\/es\/wp-json\/wp\/v2\/product_tag?post=38255"}],"curies":[{"name":"wp","href":"https:\/\/api.w.org\/{rel}","templated":true}]}}