{"id":38489,"date":"2025-02-26T02:35:13","date_gmt":"2025-02-26T07:35:13","guid":{"rendered":"https:\/\/dev-code.in\/?post_type=product&#038;p=38489"},"modified":"2025-02-26T02:35:15","modified_gmt":"2025-02-26T07:35:15","slug":"muneca-sexual-masculina-realista-3-en-1-de-tamano-natural","status":"publish","type":"product","link":"https:\/\/cherrywine.org\/es\/shop\/sex-dolls\/muneca-sexual-masculina-realista-3-en-1-de-tamano-natural\/","title":{"rendered":"Mu\u00f1eca sexual masculina realista 3 en 1 de tama\u00f1o natural"},"content":{"rendered":"","protected":false},"excerpt":{"rendered":"<p>Mu\u00f1eco de sexo masculino de tama\u00f1o realista 3 en 1 &#8211; Torso estable y flexible, escala asombrosamente realista, excelente para sexo vaginal y de senos, atendiendo al exquisito placer sexual de los hombres. Divertido para hombres.<\/p>\n<p>Fuente de alimentaci\u00f3n: Uso sin electricidad<br \/>\nCaracter\u00edsticas de la bater\u00eda: Sin bater\u00eda<br \/>\nMaterial: Elast\u00f3mero termopl\u00e1stico (tpe)<br \/>\nCon Cabeza\/Sin Cabeza: Sin cabeza<br \/>\nAltura del juguete sexual: 142cm<\/p>\n","protected":false},"featured_media":38492,"template":"","meta":{"_acf_changed":false},"product_brand":[],"product_cat":[396],"product_tag":[],"class_list":{"0":"post-38489","1":"product","2":"type-product","3":"status-publish","4":"has-post-thumbnail","6":"product_cat-sex-dolls","8":"first","9":"instock","10":"shipping-taxable","11":"purchasable","12":"product-type-simple"},"acf":[],"_links":{"self":[{"href":"https:\/\/cherrywine.org\/es\/wp-json\/wp\/v2\/product\/38489","targetHints":{"allow":["GET"]}}],"collection":[{"href":"https:\/\/cherrywine.org\/es\/wp-json\/wp\/v2\/product"}],"about":[{"href":"https:\/\/cherrywine.org\/es\/wp-json\/wp\/v2\/types\/product"}],"wp:featuredmedia":[{"embeddable":true,"href":"https:\/\/cherrywine.org\/es\/wp-json\/wp\/v2\/media\/38492"}],"wp:attachment":[{"href":"https:\/\/cherrywine.org\/es\/wp-json\/wp\/v2\/media?parent=38489"}],"wp:term":[{"taxonomy":"product_brand","embeddable":true,"href":"https:\/\/cherrywine.org\/es\/wp-json\/wp\/v2\/product_brand?post=38489"},{"taxonomy":"product_cat","embeddable":true,"href":"https:\/\/cherrywine.org\/es\/wp-json\/wp\/v2\/product_cat?post=38489"},{"taxonomy":"product_tag","embeddable":true,"href":"https:\/\/cherrywine.org\/es\/wp-json\/wp\/v2\/product_tag?post=38489"}],"curies":[{"name":"wp","href":"https:\/\/api.w.org\/{rel}","templated":true}]}}