{"id":38513,"date":"2025-02-26T02:39:33","date_gmt":"2025-02-26T07:39:33","guid":{"rendered":"https:\/\/dev-code.in\/?post_type=product&#038;p=38513"},"modified":"2025-06-05T01:21:56","modified_gmt":"2025-06-05T06:21:56","slug":"muneca-de-material-tpe-de-5512-pulgadas","status":"publish","type":"product","link":"https:\/\/cherrywine.org\/es\/shop\/tpe-sex-dolls\/muneca-de-material-tpe-de-5512-pulgadas\/","title":{"rendered":"Mu\u00f1eca de material TPE de 55,12 pulgadas"},"content":{"rendered":"","protected":false},"excerpt":{"rendered":"<p>Mu\u00f1eca de material TPE de 55.12 pulgadas, Tiene tres canales, Contiene esqueleto met\u00e1lico, Puede ser colocada en muchas posiciones, Env\u00edo local, Entrega aleatoria de ropa er\u00f3tica, Mu\u00f1eca s\u00f3lida, Toque suave, Curvas encantadoras, Productos er\u00f3ticos, Productos para exclusiveos<\/p>\n<p>Fuente de alimentaci\u00f3n: Uso sin electricidad<br \/>\nCaracter\u00edsticas de la bater\u00eda: Sin bater\u00eda<br \/>\nMaterial: Elast\u00f3mero termopl\u00e1stico (tpe)<br \/>\nCon Cabeza\/Sin Cabeza: Sin cabeza<br \/>\nAltura del juguete sexual: 140cm<\/p>\n","protected":false},"featured_media":38516,"template":"","meta":{"_acf_changed":false},"product_brand":[],"product_cat":[679],"product_tag":[],"class_list":{"0":"post-38513","1":"product","2":"type-product","3":"status-publish","4":"has-post-thumbnail","6":"product_cat-tpe-sex-dolls","8":"first","9":"instock","10":"shipping-taxable","11":"purchasable","12":"product-type-simple"},"acf":[],"_links":{"self":[{"href":"https:\/\/cherrywine.org\/es\/wp-json\/wp\/v2\/product\/38513","targetHints":{"allow":["GET"]}}],"collection":[{"href":"https:\/\/cherrywine.org\/es\/wp-json\/wp\/v2\/product"}],"about":[{"href":"https:\/\/cherrywine.org\/es\/wp-json\/wp\/v2\/types\/product"}],"wp:featuredmedia":[{"embeddable":true,"href":"https:\/\/cherrywine.org\/es\/wp-json\/wp\/v2\/media\/38516"}],"wp:attachment":[{"href":"https:\/\/cherrywine.org\/es\/wp-json\/wp\/v2\/media?parent=38513"}],"wp:term":[{"taxonomy":"product_brand","embeddable":true,"href":"https:\/\/cherrywine.org\/es\/wp-json\/wp\/v2\/product_brand?post=38513"},{"taxonomy":"product_cat","embeddable":true,"href":"https:\/\/cherrywine.org\/es\/wp-json\/wp\/v2\/product_cat?post=38513"},{"taxonomy":"product_tag","embeddable":true,"href":"https:\/\/cherrywine.org\/es\/wp-json\/wp\/v2\/product_tag?post=38513"}],"curies":[{"name":"wp","href":"https:\/\/api.w.org\/{rel}","templated":true}]}}