{"id":38537,"date":"2025-02-26T02:47:34","date_gmt":"2025-02-26T07:47:34","guid":{"rendered":"https:\/\/dev-code.in\/?post_type=product&#038;p=38537"},"modified":"2025-06-05T01:43:36","modified_gmt":"2025-06-05T06:43:36","slug":"muneca-sexual-masculina-2","status":"publish","type":"product","link":"https:\/\/cherrywine.org\/es\/shop\/torso-sex-doll\/muneca-sexual-masculina-2\/","title":{"rendered":"mu\u00f1eca sexual masculina"},"content":{"rendered":"","protected":false},"excerpt":{"rendered":"<p>Mu\u00f1eco Sexual Masculino, Tronco de Tama\u00f1o Natural en TPE con Consolador Realista, Juguete Sexual Unisex para Mujeres, Sin Cabeza, No Requiere Electricidad ni Pilas, Altura de 50&#8243;, Dalele un Regalo de San Valent\u00edn<\/p>\n<p>Fuente de alimentaci\u00f3n: Uso sin electricidad<br \/>\nCaracter\u00edsticas de la bater\u00eda: Sin bater\u00eda<br \/>\nMaterial: Elast\u00f3mero termopl\u00e1stico (tpe)<br \/>\nCon Cabeza\/Sin Cabeza: Sin cabeza<br \/>\nAltura del juguete sexual: 50cm<\/p>\n","protected":false},"featured_media":38542,"template":"","meta":{"_acf_changed":false},"product_brand":[],"product_cat":[680],"product_tag":[],"class_list":{"0":"post-38537","1":"product","2":"type-product","3":"status-publish","4":"has-post-thumbnail","6":"product_cat-torso-sex-doll","8":"first","9":"instock","10":"shipping-taxable","11":"purchasable","12":"product-type-simple"},"acf":[],"_links":{"self":[{"href":"https:\/\/cherrywine.org\/es\/wp-json\/wp\/v2\/product\/38537","targetHints":{"allow":["GET"]}}],"collection":[{"href":"https:\/\/cherrywine.org\/es\/wp-json\/wp\/v2\/product"}],"about":[{"href":"https:\/\/cherrywine.org\/es\/wp-json\/wp\/v2\/types\/product"}],"wp:featuredmedia":[{"embeddable":true,"href":"https:\/\/cherrywine.org\/es\/wp-json\/wp\/v2\/media\/38542"}],"wp:attachment":[{"href":"https:\/\/cherrywine.org\/es\/wp-json\/wp\/v2\/media?parent=38537"}],"wp:term":[{"taxonomy":"product_brand","embeddable":true,"href":"https:\/\/cherrywine.org\/es\/wp-json\/wp\/v2\/product_brand?post=38537"},{"taxonomy":"product_cat","embeddable":true,"href":"https:\/\/cherrywine.org\/es\/wp-json\/wp\/v2\/product_cat?post=38537"},{"taxonomy":"product_tag","embeddable":true,"href":"https:\/\/cherrywine.org\/es\/wp-json\/wp\/v2\/product_tag?post=38537"}],"curies":[{"name":"wp","href":"https:\/\/api.w.org\/{rel}","templated":true}]}}