{"id":38551,"date":"2025-02-26T02:53:30","date_gmt":"2025-02-26T07:53:30","guid":{"rendered":"https:\/\/dev-code.in\/?post_type=product&#038;p=38551"},"modified":"2025-02-26T02:53:32","modified_gmt":"2025-02-26T07:53:32","slug":"articulos-mas-vendidos-de-ano-nuevo-2025","status":"publish","type":"product","link":"https:\/\/cherrywine.org\/es\/shop\/sex-dolls\/articulos-mas-vendidos-de-ano-nuevo-2025\/","title":{"rendered":"Art\u00edculos m\u00e1s vendidos de A\u00f1o Nuevo 2025"},"content":{"rendered":"","protected":false},"excerpt":{"rendered":"<p>Art\u00edculos de Mayor Venta para A\u00f1o Nuevo 2025, Senos Gelatinosos Suaves y Juguetes Sexuales Realistas con Vagina, Ano y Senos, Mu\u00f1eca Sexual de Material TPE con Canal Estrecho 3D de 3 Agujeros Hecha de Esqueleto Met\u00e1lico<\/p>\n<p>Fuente de alimentaci\u00f3n: Uso sin electricidad<br \/>\nCaracter\u00edsticas de la bater\u00eda: Sin bater\u00eda<br \/>\nMaterial: Elast\u00f3mero termopl\u00e1stico (tpe)<br \/>\nCon Cabeza\/Sin Cabeza: Sin cabeza<br \/>\nAltura del juguete sexual: 146cm<\/p>\n","protected":false},"featured_media":38552,"template":"","meta":{"_acf_changed":false},"product_brand":[],"product_cat":[396],"product_tag":[],"class_list":{"0":"post-38551","1":"product","2":"type-product","3":"status-publish","4":"has-post-thumbnail","6":"product_cat-sex-dolls","8":"first","9":"instock","10":"shipping-taxable","11":"purchasable","12":"product-type-simple"},"acf":[],"_links":{"self":[{"href":"https:\/\/cherrywine.org\/es\/wp-json\/wp\/v2\/product\/38551","targetHints":{"allow":["GET"]}}],"collection":[{"href":"https:\/\/cherrywine.org\/es\/wp-json\/wp\/v2\/product"}],"about":[{"href":"https:\/\/cherrywine.org\/es\/wp-json\/wp\/v2\/types\/product"}],"wp:featuredmedia":[{"embeddable":true,"href":"https:\/\/cherrywine.org\/es\/wp-json\/wp\/v2\/media\/38552"}],"wp:attachment":[{"href":"https:\/\/cherrywine.org\/es\/wp-json\/wp\/v2\/media?parent=38551"}],"wp:term":[{"taxonomy":"product_brand","embeddable":true,"href":"https:\/\/cherrywine.org\/es\/wp-json\/wp\/v2\/product_brand?post=38551"},{"taxonomy":"product_cat","embeddable":true,"href":"https:\/\/cherrywine.org\/es\/wp-json\/wp\/v2\/product_cat?post=38551"},{"taxonomy":"product_tag","embeddable":true,"href":"https:\/\/cherrywine.org\/es\/wp-json\/wp\/v2\/product_tag?post=38551"}],"curies":[{"name":"wp","href":"https:\/\/api.w.org\/{rel}","templated":true}]}}