{"id":38582,"date":"2025-02-26T03:08:33","date_gmt":"2025-02-26T08:08:33","guid":{"rendered":"https:\/\/dev-code.in\/?post_type=product&#038;p=38582"},"modified":"2025-02-26T03:08:35","modified_gmt":"2025-02-26T08:08:35","slug":"munecas-sexuales-realistas-masturbador-masculino-conos-de-bolsillo","status":"publish","type":"product","link":"https:\/\/cherrywine.org\/es\/shop\/sex-dolls\/munecas-sexuales-realistas-masturbador-masculino-conos-de-bolsillo\/","title":{"rendered":"Mu\u00f1ecas sexuales realistas masturbador masculino co\u00f1os de bolsillo"},"content":{"rendered":"","protected":false},"excerpt":{"rendered":"<p>Mu\u00f1ecas sexuales realistas para hombres Masturbador de bolsillo Co\u00f1os de juguete 3D Mu\u00f1ecas sexuales reales Masturbadores libres de manos Juguetes sexuales Tpe Co\u00f1o Anal Masturbador de nalgas Juguete para exclusiveos para hombres<\/p>\n<p>Fuente de alimentaci\u00f3n: Uso sin electricidad<br \/>\nCaracter\u00edsticas de la bater\u00eda: Sin bater\u00eda<br \/>\nMaterial: Elast\u00f3mero termopl\u00e1stico (tpe)<br \/>\nCon Cabeza\/Sin Cabeza: Sin cabeza<br \/>\nAltura del juguete sexual: 50cm<\/p>\n","protected":false},"featured_media":38583,"template":"","meta":{"_acf_changed":false},"product_brand":[],"product_cat":[396],"product_tag":[],"class_list":{"0":"post-38582","1":"product","2":"type-product","3":"status-publish","4":"has-post-thumbnail","6":"product_cat-sex-dolls","8":"first","9":"instock","10":"shipping-taxable","11":"purchasable","12":"product-type-simple"},"acf":[],"_links":{"self":[{"href":"https:\/\/cherrywine.org\/es\/wp-json\/wp\/v2\/product\/38582","targetHints":{"allow":["GET"]}}],"collection":[{"href":"https:\/\/cherrywine.org\/es\/wp-json\/wp\/v2\/product"}],"about":[{"href":"https:\/\/cherrywine.org\/es\/wp-json\/wp\/v2\/types\/product"}],"wp:featuredmedia":[{"embeddable":true,"href":"https:\/\/cherrywine.org\/es\/wp-json\/wp\/v2\/media\/38583"}],"wp:attachment":[{"href":"https:\/\/cherrywine.org\/es\/wp-json\/wp\/v2\/media?parent=38582"}],"wp:term":[{"taxonomy":"product_brand","embeddable":true,"href":"https:\/\/cherrywine.org\/es\/wp-json\/wp\/v2\/product_brand?post=38582"},{"taxonomy":"product_cat","embeddable":true,"href":"https:\/\/cherrywine.org\/es\/wp-json\/wp\/v2\/product_cat?post=38582"},{"taxonomy":"product_tag","embeddable":true,"href":"https:\/\/cherrywine.org\/es\/wp-json\/wp\/v2\/product_tag?post=38582"}],"curies":[{"name":"wp","href":"https:\/\/api.w.org\/{rel}","templated":true}]}}