{"id":38606,"date":"2025-02-26T04:56:11","date_gmt":"2025-02-26T09:56:11","guid":{"rendered":"https:\/\/dev-code.in\/?post_type=product&#038;p=38606"},"modified":"2025-06-05T01:17:12","modified_gmt":"2025-06-05T06:17:12","slug":"munecas-sexuales-de-cono-de-bolsillo-3-en-1","status":"publish","type":"product","link":"https:\/\/cherrywine.org\/es\/shop\/tpe-sex-dolls\/munecas-sexuales-de-cono-de-bolsillo-3-en-1\/","title":{"rendered":"Mu\u00f1ecas sexuales de co\u00f1o de bolsillo 3 en 1"},"content":{"rendered":"","protected":false},"excerpt":{"rendered":"<p>3 en 1 Bolsillo de Mujer Sex Dolls, Termopl\u00e1stico El\u00e1stico (TPE), Vagina Realista Ano Estrecho, Redondo y Flesho, Altura de 59cm, Masturbador Masculino, Uso Sin Electricidad, Sin Bater\u00eda, Sin Cabeza, para Hombres exclusiveos<\/p>\n<p>Fuente de alimentaci\u00f3n: Uso sin electricidad<br \/>\nCaracter\u00edsticas de la bater\u00eda: Sin bater\u00eda<br \/>\nMaterial: Elast\u00f3mero termopl\u00e1stico (tpe)<br \/>\nCon Cabeza\/Sin Cabeza: Sin cabeza<br \/>\nAltura del juguete sexual: 59cm<\/p>\n","protected":false},"featured_media":38607,"template":"","meta":{"_acf_changed":false},"product_brand":[],"product_cat":[679],"product_tag":[],"class_list":{"0":"post-38606","1":"product","2":"type-product","3":"status-publish","4":"has-post-thumbnail","6":"product_cat-tpe-sex-dolls","8":"first","9":"instock","10":"shipping-taxable","11":"purchasable","12":"product-type-simple"},"acf":[],"_links":{"self":[{"href":"https:\/\/cherrywine.org\/es\/wp-json\/wp\/v2\/product\/38606","targetHints":{"allow":["GET"]}}],"collection":[{"href":"https:\/\/cherrywine.org\/es\/wp-json\/wp\/v2\/product"}],"about":[{"href":"https:\/\/cherrywine.org\/es\/wp-json\/wp\/v2\/types\/product"}],"wp:featuredmedia":[{"embeddable":true,"href":"https:\/\/cherrywine.org\/es\/wp-json\/wp\/v2\/media\/38607"}],"wp:attachment":[{"href":"https:\/\/cherrywine.org\/es\/wp-json\/wp\/v2\/media?parent=38606"}],"wp:term":[{"taxonomy":"product_brand","embeddable":true,"href":"https:\/\/cherrywine.org\/es\/wp-json\/wp\/v2\/product_brand?post=38606"},{"taxonomy":"product_cat","embeddable":true,"href":"https:\/\/cherrywine.org\/es\/wp-json\/wp\/v2\/product_cat?post=38606"},{"taxonomy":"product_tag","embeddable":true,"href":"https:\/\/cherrywine.org\/es\/wp-json\/wp\/v2\/product_tag?post=38606"}],"curies":[{"name":"wp","href":"https:\/\/api.w.org\/{rel}","templated":true}]}}