{"id":38660,"date":"2025-02-26T07:51:42","date_gmt":"2025-02-26T12:51:42","guid":{"rendered":"https:\/\/dev-code.in\/?post_type=product&#038;p=38660"},"modified":"2025-02-26T07:51:44","modified_gmt":"2025-02-26T12:51:44","slug":"juguetes-sexuales-masculinos-de-cuerpo-completo-y-tamano-natural","status":"publish","type":"product","link":"https:\/\/cherrywine.org\/es\/shop\/sex-dolls\/juguetes-sexuales-masculinos-de-cuerpo-completo-y-tamano-natural\/","title":{"rendered":"Juguetes sexuales masculinos de cuerpo completo y tama\u00f1o natural"},"content":{"rendered":"","protected":false},"excerpt":{"rendered":"<p>Juguetes sexuales masculinos de tama\u00f1o real para todo el cuerpo, juguetes sexuales exclusiveos sexy tres en uno, adecuados para juguetes sexuales vaginales, anales y mamarios, juguetes sexuales de escala realista y torso flexible, juguetes sexuales masculinos, sin pies<\/p>\n<p>Fuente de alimentaci\u00f3n: Uso sin electricidad<br \/>\nCaracter\u00edsticas de la bater\u00eda: Sin bater\u00eda<br \/>\nMarca: Wonanii<br \/>\nMaterial: Elast\u00f3mero termopl\u00e1stico (tpe)<br \/>\nCon Cabeza\/Sin Cabeza: Sin cabeza<br \/>\nAltura del juguete sexual: 70cm<\/p>\n","protected":false},"featured_media":38663,"template":"","meta":{"_acf_changed":false},"product_brand":[],"product_cat":[396],"product_tag":[],"class_list":{"0":"post-38660","1":"product","2":"type-product","3":"status-publish","4":"has-post-thumbnail","6":"product_cat-sex-dolls","8":"first","9":"instock","10":"sale","11":"shipping-taxable","12":"purchasable","13":"product-type-simple"},"acf":[],"_links":{"self":[{"href":"https:\/\/cherrywine.org\/es\/wp-json\/wp\/v2\/product\/38660","targetHints":{"allow":["GET"]}}],"collection":[{"href":"https:\/\/cherrywine.org\/es\/wp-json\/wp\/v2\/product"}],"about":[{"href":"https:\/\/cherrywine.org\/es\/wp-json\/wp\/v2\/types\/product"}],"wp:featuredmedia":[{"embeddable":true,"href":"https:\/\/cherrywine.org\/es\/wp-json\/wp\/v2\/media\/38663"}],"wp:attachment":[{"href":"https:\/\/cherrywine.org\/es\/wp-json\/wp\/v2\/media?parent=38660"}],"wp:term":[{"taxonomy":"product_brand","embeddable":true,"href":"https:\/\/cherrywine.org\/es\/wp-json\/wp\/v2\/product_brand?post=38660"},{"taxonomy":"product_cat","embeddable":true,"href":"https:\/\/cherrywine.org\/es\/wp-json\/wp\/v2\/product_cat?post=38660"},{"taxonomy":"product_tag","embeddable":true,"href":"https:\/\/cherrywine.org\/es\/wp-json\/wp\/v2\/product_tag?post=38660"}],"curies":[{"name":"wp","href":"https:\/\/api.w.org\/{rel}","templated":true}]}}