{"id":38674,"date":"2025-02-26T07:56:24","date_gmt":"2025-02-26T12:56:24","guid":{"rendered":"https:\/\/dev-code.in\/?post_type=product&#038;p=38674"},"modified":"2025-06-05T01:42:57","modified_gmt":"2025-06-05T06:42:57","slug":"torso-de-muneca-sexual-de-tamano-natural","status":"publish","type":"product","link":"https:\/\/cherrywine.org\/es\/shop\/torso-sex-doll\/torso-de-muneca-sexual-de-tamano-natural\/","title":{"rendered":"Torso de mu\u00f1eca sexual de tama\u00f1o natural"},"content":{"rendered":"","protected":false},"excerpt":{"rendered":"<p>Torsito de mu\u00f1eca sexual de tama\u00f1o real, 49,21 pulgadas, material TPE, bolsillo 3 en 1, pecho grande, vagina y ano apretados, esqueleto incorporado, juguete de fantas\u00eda para exclusiveos, no necesita electricidad ni bater\u00eda<\/p>\n<p>Fuente de alimentaci\u00f3n: Uso sin electricidad<br \/>\nCaracter\u00edsticas de la bater\u00eda: Sin bater\u00eda<br \/>\nMaterial: Elast\u00f3mero termopl\u00e1stico (tpe)<br \/>\nCon Cabeza\/Sin Cabeza: Sin cabeza<br \/>\nAltura del juguete sexual: 125cm<\/p>\n","protected":false},"featured_media":38675,"template":"","meta":{"_acf_changed":false},"product_brand":[],"product_cat":[680],"product_tag":[],"class_list":{"0":"post-38674","1":"product","2":"type-product","3":"status-publish","4":"has-post-thumbnail","6":"product_cat-torso-sex-doll","8":"first","9":"instock","10":"shipping-taxable","11":"purchasable","12":"product-type-simple"},"acf":[],"_links":{"self":[{"href":"https:\/\/cherrywine.org\/es\/wp-json\/wp\/v2\/product\/38674","targetHints":{"allow":["GET"]}}],"collection":[{"href":"https:\/\/cherrywine.org\/es\/wp-json\/wp\/v2\/product"}],"about":[{"href":"https:\/\/cherrywine.org\/es\/wp-json\/wp\/v2\/types\/product"}],"wp:featuredmedia":[{"embeddable":true,"href":"https:\/\/cherrywine.org\/es\/wp-json\/wp\/v2\/media\/38675"}],"wp:attachment":[{"href":"https:\/\/cherrywine.org\/es\/wp-json\/wp\/v2\/media?parent=38674"}],"wp:term":[{"taxonomy":"product_brand","embeddable":true,"href":"https:\/\/cherrywine.org\/es\/wp-json\/wp\/v2\/product_brand?post=38674"},{"taxonomy":"product_cat","embeddable":true,"href":"https:\/\/cherrywine.org\/es\/wp-json\/wp\/v2\/product_cat?post=38674"},{"taxonomy":"product_tag","embeddable":true,"href":"https:\/\/cherrywine.org\/es\/wp-json\/wp\/v2\/product_tag?post=38674"}],"curies":[{"name":"wp","href":"https:\/\/api.w.org\/{rel}","templated":true}]}}