{"id":38702,"date":"2025-02-26T08:05:15","date_gmt":"2025-02-26T13:05:15","guid":{"rendered":"https:\/\/dev-code.in\/?post_type=product&#038;p=38702"},"modified":"2025-06-05T01:42:15","modified_gmt":"2025-06-05T06:42:15","slug":"13-22-torso-de-muneca-sexual-de-tamano-natural","status":"publish","type":"product","link":"https:\/\/cherrywine.org\/es\/shop\/torso-sex-doll\/13-22-torso-de-muneca-sexual-de-tamano-natural\/","title":{"rendered":"13.22 Torso de mu\u00f1eca sexual de tama\u00f1o natural"},"content":{"rendered":"","protected":false},"excerpt":{"rendered":"<p>Tronco de Mu\u00f1eca Sexual de Tama\u00f1o Real de 13.22, Mu\u00f1eca Sexual de Gel de Silice Realista para Hombres con Grandes Senos Suaves y Trasero Grande, Mu\u00f1ecas Sexuales Realistas de Tama\u00f1o Completo para Masturbaci\u00f3n Masculina y Sexo Anal y Vaginal<\/p>\n<p>Fuente de alimentaci\u00f3n: Uso sin electricidad<br \/>\nCaracter\u00edsticas de la bater\u00eda: Sin bater\u00eda<br \/>\nMaterial: Elast\u00f3mero termopl\u00e1stico (tpe)<br \/>\nCon Cabeza\/Sin Cabeza: Sin cabeza<br \/>\nAltura del juguete sexual: 45cm<\/p>\n","protected":false},"featured_media":38703,"template":"","meta":{"_acf_changed":false},"product_brand":[],"product_cat":[680],"product_tag":[],"class_list":{"0":"post-38702","1":"product","2":"type-product","3":"status-publish","4":"has-post-thumbnail","6":"product_cat-torso-sex-doll","8":"first","9":"instock","10":"shipping-taxable","11":"purchasable","12":"product-type-simple"},"acf":[],"_links":{"self":[{"href":"https:\/\/cherrywine.org\/es\/wp-json\/wp\/v2\/product\/38702","targetHints":{"allow":["GET"]}}],"collection":[{"href":"https:\/\/cherrywine.org\/es\/wp-json\/wp\/v2\/product"}],"about":[{"href":"https:\/\/cherrywine.org\/es\/wp-json\/wp\/v2\/types\/product"}],"wp:featuredmedia":[{"embeddable":true,"href":"https:\/\/cherrywine.org\/es\/wp-json\/wp\/v2\/media\/38703"}],"wp:attachment":[{"href":"https:\/\/cherrywine.org\/es\/wp-json\/wp\/v2\/media?parent=38702"}],"wp:term":[{"taxonomy":"product_brand","embeddable":true,"href":"https:\/\/cherrywine.org\/es\/wp-json\/wp\/v2\/product_brand?post=38702"},{"taxonomy":"product_cat","embeddable":true,"href":"https:\/\/cherrywine.org\/es\/wp-json\/wp\/v2\/product_cat?post=38702"},{"taxonomy":"product_tag","embeddable":true,"href":"https:\/\/cherrywine.org\/es\/wp-json\/wp\/v2\/product_tag?post=38702"}],"curies":[{"name":"wp","href":"https:\/\/api.w.org\/{rel}","templated":true}]}}