{"id":38730,"date":"2025-02-26T08:15:14","date_gmt":"2025-02-26T13:15:14","guid":{"rendered":"https:\/\/dev-code.in\/?post_type=product&#038;p=38730"},"modified":"2025-02-26T08:15:16","modified_gmt":"2025-02-26T13:15:16","slug":"dream-lover-muneca-sexual-realista-de-cuerpo-completo-para-hombres","status":"publish","type":"product","link":"https:\/\/cherrywine.org\/es\/shop\/sex-dolls\/dream-lover-muneca-sexual-realista-de-cuerpo-completo-para-hombres\/","title":{"rendered":"Dream Lover, mu\u00f1eca sexual realista de cuerpo completo para hombres"},"content":{"rendered":"","protected":false},"excerpt":{"rendered":"<p>Amante de Ensue\u00f1o, Mu\u00f1eca Sexual Realista de Cuerpo Completo para Hombres &#8211; TPE Impermeable, Sin L\u00e1tex con Senos Realistas y Juego Anal, Ideal para exclusiveos Solitarios<\/p>\n<p>Fuente de alimentaci\u00f3n: Uso sin electricidad<br \/>\nCaracter\u00edsticas de la bater\u00eda: Sin bater\u00eda<br \/>\nMaterial: Elast\u00f3mero termopl\u00e1stico (tpe)<br \/>\nCon Cabeza\/Sin Cabeza: Sin cabeza<br \/>\nAltura del juguete sexual: 77cm<\/p>\n","protected":false},"featured_media":38731,"template":"","meta":{"_acf_changed":false},"product_brand":[],"product_cat":[396],"product_tag":[],"class_list":{"0":"post-38730","1":"product","2":"type-product","3":"status-publish","4":"has-post-thumbnail","6":"product_cat-sex-dolls","8":"first","9":"instock","10":"shipping-taxable","11":"purchasable","12":"product-type-simple"},"acf":[],"_links":{"self":[{"href":"https:\/\/cherrywine.org\/es\/wp-json\/wp\/v2\/product\/38730","targetHints":{"allow":["GET"]}}],"collection":[{"href":"https:\/\/cherrywine.org\/es\/wp-json\/wp\/v2\/product"}],"about":[{"href":"https:\/\/cherrywine.org\/es\/wp-json\/wp\/v2\/types\/product"}],"wp:featuredmedia":[{"embeddable":true,"href":"https:\/\/cherrywine.org\/es\/wp-json\/wp\/v2\/media\/38731"}],"wp:attachment":[{"href":"https:\/\/cherrywine.org\/es\/wp-json\/wp\/v2\/media?parent=38730"}],"wp:term":[{"taxonomy":"product_brand","embeddable":true,"href":"https:\/\/cherrywine.org\/es\/wp-json\/wp\/v2\/product_brand?post=38730"},{"taxonomy":"product_cat","embeddable":true,"href":"https:\/\/cherrywine.org\/es\/wp-json\/wp\/v2\/product_cat?post=38730"},{"taxonomy":"product_tag","embeddable":true,"href":"https:\/\/cherrywine.org\/es\/wp-json\/wp\/v2\/product_tag?post=38730"}],"curies":[{"name":"wp","href":"https:\/\/api.w.org\/{rel}","templated":true}]}}