{"id":38742,"date":"2025-02-26T08:18:36","date_gmt":"2025-02-26T13:18:36","guid":{"rendered":"https:\/\/dev-code.in\/?post_type=product&#038;p=38742"},"modified":"2025-02-26T08:18:38","modified_gmt":"2025-02-26T13:18:38","slug":"muneca-sexual-masculina-realista-de-cuerpo-completo","status":"publish","type":"product","link":"https:\/\/cherrywine.org\/es\/shop\/sex-dolls\/muneca-sexual-masculina-realista-de-cuerpo-completo\/","title":{"rendered":"Mu\u00f1eca sexual masculina realista de cuerpo completo"},"content":{"rendered":"","protected":false},"excerpt":{"rendered":"<p>Mu\u00f1eco Er\u00f3tico de Cuerpo Completo Masculino Realista, Mu\u00f1eca de Amor exclusivea Sexy 3-en-1, T\u00f3rax Flexible, Escala Realista, para Juego Vaginal, Anal, de Senos, Inal\u00e1mbrico, Material TPE, 79cm de Altura, Novedades para exclusiveos<\/p>\n<p>Fuente de alimentaci\u00f3n: Uso sin electricidad<br \/>\nCaracter\u00edsticas de la bater\u00eda: Sin bater\u00eda<br \/>\nMaterial: Elast\u00f3mero termopl\u00e1stico (tpe)<br \/>\nCon Cabeza\/Sin Cabeza: Sin cabeza<br \/>\nAltura del juguete sexual: 79cm<\/p>\n","protected":false},"featured_media":38743,"template":"","meta":{"_acf_changed":false},"product_brand":[],"product_cat":[396],"product_tag":[],"class_list":{"0":"post-38742","1":"product","2":"type-product","3":"status-publish","4":"has-post-thumbnail","6":"product_cat-sex-dolls","8":"first","9":"instock","10":"sale","11":"shipping-taxable","12":"purchasable","13":"product-type-simple"},"acf":[],"_links":{"self":[{"href":"https:\/\/cherrywine.org\/es\/wp-json\/wp\/v2\/product\/38742","targetHints":{"allow":["GET"]}}],"collection":[{"href":"https:\/\/cherrywine.org\/es\/wp-json\/wp\/v2\/product"}],"about":[{"href":"https:\/\/cherrywine.org\/es\/wp-json\/wp\/v2\/types\/product"}],"wp:featuredmedia":[{"embeddable":true,"href":"https:\/\/cherrywine.org\/es\/wp-json\/wp\/v2\/media\/38743"}],"wp:attachment":[{"href":"https:\/\/cherrywine.org\/es\/wp-json\/wp\/v2\/media?parent=38742"}],"wp:term":[{"taxonomy":"product_brand","embeddable":true,"href":"https:\/\/cherrywine.org\/es\/wp-json\/wp\/v2\/product_brand?post=38742"},{"taxonomy":"product_cat","embeddable":true,"href":"https:\/\/cherrywine.org\/es\/wp-json\/wp\/v2\/product_cat?post=38742"},{"taxonomy":"product_tag","embeddable":true,"href":"https:\/\/cherrywine.org\/es\/wp-json\/wp\/v2\/product_tag?post=38742"}],"curies":[{"name":"wp","href":"https:\/\/api.w.org\/{rel}","templated":true}]}}