{"id":38756,"date":"2025-02-26T08:22:14","date_gmt":"2025-02-26T13:22:14","guid":{"rendered":"https:\/\/dev-code.in\/?post_type=product&#038;p=38756"},"modified":"2025-06-05T01:42:47","modified_gmt":"2025-06-05T06:42:47","slug":"muneca-sexual-de-gran-tamano-muneca-sexual-realista-torso-femenino","status":"publish","type":"product","link":"https:\/\/cherrywine.org\/es\/shop\/torso-sex-doll\/muneca-sexual-de-gran-tamano-muneca-sexual-realista-torso-femenino\/","title":{"rendered":"Mu\u00f1eca sexual de gran tama\u00f1o Mu\u00f1eca sexual realista Torso femenino"},"content":{"rendered":"","protected":false},"excerpt":{"rendered":"<p>Mu\u00f1eca Sexual de Tama\u00f1o Grande Mu\u00f1eca Sexual Realista Tronco Femenino Mu\u00f1eca Sexual de Tama\u00f1o Real Adecuada para Hombres Senos Grandes Suaves Mu\u00f1eca Sexual de Silicona TPE Mu\u00f1eca de Amor para exclusiveos Juguete Sexual Sexy Masturbador Masculino Mu\u00f1eca Sexual de Hueso Duro Interior<\/p>\n<p>Fuente de alimentaci\u00f3n: Uso sin electricidad<br \/>\nCaracter\u00edsticas de la bater\u00eda: Sin bater\u00eda<br \/>\nMaterial: Elast\u00f3mero termopl\u00e1stico (tpe)<br \/>\nCon Cabeza\/Sin Cabeza: Sin cabeza<br \/>\nAltura del juguete sexual: 82cm<\/p>\n","protected":false},"featured_media":38757,"template":"","meta":{"_acf_changed":false},"product_brand":[],"product_cat":[680],"product_tag":[],"class_list":{"0":"post-38756","1":"product","2":"type-product","3":"status-publish","4":"has-post-thumbnail","6":"product_cat-torso-sex-doll","8":"first","9":"instock","10":"sale","11":"shipping-taxable","12":"purchasable","13":"product-type-simple"},"acf":[],"_links":{"self":[{"href":"https:\/\/cherrywine.org\/es\/wp-json\/wp\/v2\/product\/38756","targetHints":{"allow":["GET"]}}],"collection":[{"href":"https:\/\/cherrywine.org\/es\/wp-json\/wp\/v2\/product"}],"about":[{"href":"https:\/\/cherrywine.org\/es\/wp-json\/wp\/v2\/types\/product"}],"wp:featuredmedia":[{"embeddable":true,"href":"https:\/\/cherrywine.org\/es\/wp-json\/wp\/v2\/media\/38757"}],"wp:attachment":[{"href":"https:\/\/cherrywine.org\/es\/wp-json\/wp\/v2\/media?parent=38756"}],"wp:term":[{"taxonomy":"product_brand","embeddable":true,"href":"https:\/\/cherrywine.org\/es\/wp-json\/wp\/v2\/product_brand?post=38756"},{"taxonomy":"product_cat","embeddable":true,"href":"https:\/\/cherrywine.org\/es\/wp-json\/wp\/v2\/product_cat?post=38756"},{"taxonomy":"product_tag","embeddable":true,"href":"https:\/\/cherrywine.org\/es\/wp-json\/wp\/v2\/product_tag?post=38756"}],"curies":[{"name":"wp","href":"https:\/\/api.w.org\/{rel}","templated":true}]}}