{"id":38801,"date":"2025-02-26T08:56:27","date_gmt":"2025-02-26T13:56:27","guid":{"rendered":"https:\/\/dev-code.in\/?post_type=product&#038;p=38801"},"modified":"2025-02-26T08:56:28","modified_gmt":"2025-02-26T13:56:28","slug":"una-muneca-sexual-con-pechos-super-grandes-de-36-libras","status":"publish","type":"product","link":"https:\/\/cherrywine.org\/es\/shop\/sex-dolls\/una-muneca-sexual-con-pechos-super-grandes-de-36-libras\/","title":{"rendered":"Una mu\u00f1eca sexual con pechos s\u00faper grandes de 36 libras"},"content":{"rendered":"","protected":false},"excerpt":{"rendered":"<p>Una mu\u00f1eca sexual de pechos s\u00faper grandes de 36 libras, con un vaso vaginal y anal h\u00famedo y caliente, el placer tres en uno puede brindar una sensaci\u00f3n excepcionalmente placentera a los hombres<\/p>\n<p>Fuente de alimentaci\u00f3n: Uso sin electricidad<br \/>\nCaracter\u00edsticas de la bater\u00eda: Sin bater\u00eda<br \/>\nMarca: Wonanii<br \/>\nMaterial: Elast\u00f3mero termopl\u00e1stico (tpe)<br \/>\nCon Cabeza\/Sin Cabeza: Sin cabeza<br \/>\nAltura del juguete sexual: 24.5cm<\/p>\n","protected":false},"featured_media":38802,"template":"","meta":{"_acf_changed":false},"product_brand":[],"product_cat":[396],"product_tag":[],"class_list":{"0":"post-38801","1":"product","2":"type-product","3":"status-publish","4":"has-post-thumbnail","6":"product_cat-sex-dolls","8":"first","9":"instock","10":"shipping-taxable","11":"purchasable","12":"product-type-simple"},"acf":[],"_links":{"self":[{"href":"https:\/\/cherrywine.org\/es\/wp-json\/wp\/v2\/product\/38801","targetHints":{"allow":["GET"]}}],"collection":[{"href":"https:\/\/cherrywine.org\/es\/wp-json\/wp\/v2\/product"}],"about":[{"href":"https:\/\/cherrywine.org\/es\/wp-json\/wp\/v2\/types\/product"}],"wp:featuredmedia":[{"embeddable":true,"href":"https:\/\/cherrywine.org\/es\/wp-json\/wp\/v2\/media\/38802"}],"wp:attachment":[{"href":"https:\/\/cherrywine.org\/es\/wp-json\/wp\/v2\/media?parent=38801"}],"wp:term":[{"taxonomy":"product_brand","embeddable":true,"href":"https:\/\/cherrywine.org\/es\/wp-json\/wp\/v2\/product_brand?post=38801"},{"taxonomy":"product_cat","embeddable":true,"href":"https:\/\/cherrywine.org\/es\/wp-json\/wp\/v2\/product_cat?post=38801"},{"taxonomy":"product_tag","embeddable":true,"href":"https:\/\/cherrywine.org\/es\/wp-json\/wp\/v2\/product_tag?post=38801"}],"curies":[{"name":"wp","href":"https:\/\/api.w.org\/{rel}","templated":true}]}}