{"id":38814,"date":"2025-02-26T09:25:10","date_gmt":"2025-02-26T14:25:10","guid":{"rendered":"https:\/\/dev-code.in\/?post_type=product&#038;p=38814"},"modified":"2025-02-26T09:25:12","modified_gmt":"2025-02-26T14:25:12","slug":"muneca-sexual-de-tamano-natural-de-18-libras-2","status":"publish","type":"product","link":"https:\/\/cherrywine.org\/es\/shop\/sex-dolls\/muneca-sexual-de-tamano-natural-de-18-libras-2\/","title":{"rendered":"Mu\u00f1eca sexual de tama\u00f1o natural de 18 libras."},"content":{"rendered":"","protected":false},"excerpt":{"rendered":"<p>Mu\u00f1eca sexual de tama\u00f1o real de 18 libras, adecuada para masturbaci\u00f3n masculina, mu\u00f1eca sexual realista, pecho grande, co\u00f1o, trasero, cuerpo sexual femenino realista, mu\u00f1eca sexual humana, adecuada para sexo con pecho, vaginal, anal, juguete sexual para exclusiveos, adecuado para hombres<\/p>\n<p>Fuente de alimentaci\u00f3n: Uso sin electricidad<br \/>\nCaracter\u00edsticas de la bater\u00eda: Sin bater\u00eda<br \/>\nMaterial: Elast\u00f3mero termopl\u00e1stico (tpe)<br \/>\nCon Cabeza\/Sin Cabeza: Sin cabeza<br \/>\nAltura del juguete sexual: 54cm<\/p>\n","protected":false},"featured_media":38815,"template":"","meta":{"_acf_changed":false},"product_brand":[],"product_cat":[396],"product_tag":[],"class_list":{"0":"post-38814","1":"product","2":"type-product","3":"status-publish","4":"has-post-thumbnail","6":"product_cat-sex-dolls","8":"first","9":"instock","10":"shipping-taxable","11":"purchasable","12":"product-type-simple"},"acf":[],"_links":{"self":[{"href":"https:\/\/cherrywine.org\/es\/wp-json\/wp\/v2\/product\/38814","targetHints":{"allow":["GET"]}}],"collection":[{"href":"https:\/\/cherrywine.org\/es\/wp-json\/wp\/v2\/product"}],"about":[{"href":"https:\/\/cherrywine.org\/es\/wp-json\/wp\/v2\/types\/product"}],"wp:featuredmedia":[{"embeddable":true,"href":"https:\/\/cherrywine.org\/es\/wp-json\/wp\/v2\/media\/38815"}],"wp:attachment":[{"href":"https:\/\/cherrywine.org\/es\/wp-json\/wp\/v2\/media?parent=38814"}],"wp:term":[{"taxonomy":"product_brand","embeddable":true,"href":"https:\/\/cherrywine.org\/es\/wp-json\/wp\/v2\/product_brand?post=38814"},{"taxonomy":"product_cat","embeddable":true,"href":"https:\/\/cherrywine.org\/es\/wp-json\/wp\/v2\/product_cat?post=38814"},{"taxonomy":"product_tag","embeddable":true,"href":"https:\/\/cherrywine.org\/es\/wp-json\/wp\/v2\/product_tag?post=38814"}],"curies":[{"name":"wp","href":"https:\/\/api.w.org\/{rel}","templated":true}]}}