{"id":38892,"date":"2025-02-26T11:21:59","date_gmt":"2025-02-26T16:21:59","guid":{"rendered":"https:\/\/dev-code.in\/?post_type=product&#038;p=38892"},"modified":"2025-02-26T11:22:01","modified_gmt":"2025-02-26T16:22:01","slug":"1-silla-sexual-1-pene-postizo-2-sillas-sexuales-y-juego-de-pene-postizo","status":"publish","type":"product","link":"https:\/\/cherrywine.org\/es\/shop\/sex-toy\/1-silla-sexual-1-pene-postizo-2-sillas-sexuales-y-juego-de-pene-postizo\/","title":{"rendered":"1 silla sexual\/1 pene postizo\/2 sillas sexuales y juego de pene postizo."},"content":{"rendered":"","protected":false},"excerpt":{"rendered":"<p>1pc Silla de Sexo\/1pc Pene Falso\/2pcs Silla de Sexo y Pene Falso Set, Silla de Posici\u00f3n Sexual Multifuncional, Juguete Novedoso para Parejas con Reposabrazos, Silla El\u00e1stica Port\u00e1til de Acero Inoxidable para Juego BDSM de exclusiveos<\/p>\n<p>Fuente de alimentaci\u00f3n: Uso sin electricidad<br \/>\nColor: Negro<br \/>\nMaterial: Metal<\/p>\n","protected":false},"featured_media":38893,"template":"","meta":{"_acf_changed":false},"product_brand":[],"product_cat":[399],"product_tag":[],"class_list":{"0":"post-38892","1":"product","2":"type-product","3":"status-publish","4":"has-post-thumbnail","6":"product_cat-sex-toy","8":"first","9":"instock","10":"shipping-taxable","11":"purchasable","12":"product-type-simple"},"acf":[],"_links":{"self":[{"href":"https:\/\/cherrywine.org\/es\/wp-json\/wp\/v2\/product\/38892","targetHints":{"allow":["GET"]}}],"collection":[{"href":"https:\/\/cherrywine.org\/es\/wp-json\/wp\/v2\/product"}],"about":[{"href":"https:\/\/cherrywine.org\/es\/wp-json\/wp\/v2\/types\/product"}],"wp:featuredmedia":[{"embeddable":true,"href":"https:\/\/cherrywine.org\/es\/wp-json\/wp\/v2\/media\/38893"}],"wp:attachment":[{"href":"https:\/\/cherrywine.org\/es\/wp-json\/wp\/v2\/media?parent=38892"}],"wp:term":[{"taxonomy":"product_brand","embeddable":true,"href":"https:\/\/cherrywine.org\/es\/wp-json\/wp\/v2\/product_brand?post=38892"},{"taxonomy":"product_cat","embeddable":true,"href":"https:\/\/cherrywine.org\/es\/wp-json\/wp\/v2\/product_cat?post=38892"},{"taxonomy":"product_tag","embeddable":true,"href":"https:\/\/cherrywine.org\/es\/wp-json\/wp\/v2\/product_tag?post=38892"}],"curies":[{"name":"wp","href":"https:\/\/api.w.org\/{rel}","templated":true}]}}