{"id":38904,"date":"2025-02-26T11:25:55","date_gmt":"2025-02-26T16:25:55","guid":{"rendered":"https:\/\/dev-code.in\/?post_type=product&#038;p=38904"},"modified":"2025-02-26T11:25:57","modified_gmt":"2025-02-26T16:25:57","slug":"1-pieza-posicion-sexual-multifuncion-para-el-dia-de-san-valentin","status":"publish","type":"product","link":"https:\/\/cherrywine.org\/es\/shop\/sex-toy\/1-pieza-posicion-sexual-multifuncion-para-el-dia-de-san-valentin\/","title":{"rendered":"1 pieza Posici\u00f3n sexual multifunci\u00f3n para el d\u00eda de San Valent\u00edn"},"content":{"rendered":"","protected":false},"excerpt":{"rendered":"<p>1pieza D\u00eda De San Valent\u00edn Silla De Posici\u00f3n Sexual Multifuncional, Taburetes De Silla De Sexo, BDSM Atado De Mano Y Pie, Muebles Sexuales De Amor, Juguete De Novedad Con Barandilla Para Parejas, Juegos Para exclusiveos, Suministros Para exclusiveos<\/p>\n<p>Fuente de alimentaci\u00f3n: Uso sin electricidad<br \/>\nColor: Negro<br \/>\nMaterial: Metal<\/p>\n","protected":false},"featured_media":38905,"template":"","meta":{"_acf_changed":false},"product_brand":[],"product_cat":[399],"product_tag":[],"class_list":{"0":"post-38904","1":"product","2":"type-product","3":"status-publish","4":"has-post-thumbnail","6":"product_cat-sex-toy","8":"first","9":"instock","10":"shipping-taxable","11":"purchasable","12":"product-type-simple"},"acf":[],"_links":{"self":[{"href":"https:\/\/cherrywine.org\/es\/wp-json\/wp\/v2\/product\/38904","targetHints":{"allow":["GET"]}}],"collection":[{"href":"https:\/\/cherrywine.org\/es\/wp-json\/wp\/v2\/product"}],"about":[{"href":"https:\/\/cherrywine.org\/es\/wp-json\/wp\/v2\/types\/product"}],"wp:featuredmedia":[{"embeddable":true,"href":"https:\/\/cherrywine.org\/es\/wp-json\/wp\/v2\/media\/38905"}],"wp:attachment":[{"href":"https:\/\/cherrywine.org\/es\/wp-json\/wp\/v2\/media?parent=38904"}],"wp:term":[{"taxonomy":"product_brand","embeddable":true,"href":"https:\/\/cherrywine.org\/es\/wp-json\/wp\/v2\/product_brand?post=38904"},{"taxonomy":"product_cat","embeddable":true,"href":"https:\/\/cherrywine.org\/es\/wp-json\/wp\/v2\/product_cat?post=38904"},{"taxonomy":"product_tag","embeddable":true,"href":"https:\/\/cherrywine.org\/es\/wp-json\/wp\/v2\/product_tag?post=38904"}],"curies":[{"name":"wp","href":"https:\/\/api.w.org\/{rel}","templated":true}]}}