{"id":38920,"date":"2025-02-26T11:33:36","date_gmt":"2025-02-26T16:33:36","guid":{"rendered":"https:\/\/dev-code.in\/?post_type=product&#038;p=38920"},"modified":"2025-02-26T11:33:37","modified_gmt":"2025-02-26T16:33:37","slug":"sex-machine-maquina-de-empuje-sexual-automatica-premium-para-mujeres","status":"publish","type":"product","link":"https:\/\/cherrywine.org\/es\/shop\/sex-toy\/sex-machine-maquina-de-empuje-sexual-automatica-premium-para-mujeres\/","title":{"rendered":"Sex Machine M\u00e1quina de empuje sexual autom\u00e1tica premium para mujeres"},"content":{"rendered":"","protected":false},"excerpt":{"rendered":"<p>M\u00e1quina de sexo Premium Autom\u00e1tica M\u00e1quina de empuje de sexo para mujeres y hombres Juguete sexual para exclusiveos Dildo con calor Dildo de empuje M\u00e1quina de juguetes para exclusiveos para parejas y juego en solitario Juguetes sexuales Thruster para juego BDSM sin manos Juguete sexual para exclusiveos Xxx Extremo con 2 accesorios<\/p>\n<p>Fuente de alimentaci\u00f3n: Fuente de alimentaci\u00f3n DC<br \/>\nVoltaje: \u226436 V<br \/>\nCaracter\u00edsticas de la bater\u00eda: Sin bater\u00eda<br \/>\nMarca: DOIFX<\/p>\n","protected":false},"featured_media":38921,"template":"","meta":{"_acf_changed":false},"product_brand":[],"product_cat":[399],"product_tag":[],"class_list":{"0":"post-38920","1":"product","2":"type-product","3":"status-publish","4":"has-post-thumbnail","6":"product_cat-sex-toy","8":"first","9":"instock","10":"shipping-taxable","11":"purchasable","12":"product-type-simple"},"acf":[],"_links":{"self":[{"href":"https:\/\/cherrywine.org\/es\/wp-json\/wp\/v2\/product\/38920","targetHints":{"allow":["GET"]}}],"collection":[{"href":"https:\/\/cherrywine.org\/es\/wp-json\/wp\/v2\/product"}],"about":[{"href":"https:\/\/cherrywine.org\/es\/wp-json\/wp\/v2\/types\/product"}],"wp:featuredmedia":[{"embeddable":true,"href":"https:\/\/cherrywine.org\/es\/wp-json\/wp\/v2\/media\/38921"}],"wp:attachment":[{"href":"https:\/\/cherrywine.org\/es\/wp-json\/wp\/v2\/media?parent=38920"}],"wp:term":[{"taxonomy":"product_brand","embeddable":true,"href":"https:\/\/cherrywine.org\/es\/wp-json\/wp\/v2\/product_brand?post=38920"},{"taxonomy":"product_cat","embeddable":true,"href":"https:\/\/cherrywine.org\/es\/wp-json\/wp\/v2\/product_cat?post=38920"},{"taxonomy":"product_tag","embeddable":true,"href":"https:\/\/cherrywine.org\/es\/wp-json\/wp\/v2\/product_tag?post=38920"}],"curies":[{"name":"wp","href":"https:\/\/api.w.org\/{rel}","templated":true}]}}