{"id":38932,"date":"2025-02-26T11:41:01","date_gmt":"2025-02-26T16:41:01","guid":{"rendered":"https:\/\/dev-code.in\/?post_type=product&#038;p=38932"},"modified":"2025-02-26T11:41:03","modified_gmt":"2025-02-26T16:41:03","slug":"1-unidad-de-bomba-electrica-para-organos-reproductivos-para-tamano","status":"publish","type":"product","link":"https:\/\/cherrywine.org\/es\/shop\/sex-toy\/1-unidad-de-bomba-electrica-para-organos-reproductivos-para-tamano\/","title":{"rendered":"1 unidad de bomba el\u00e9ctrica para \u00f3rganos reproductivos para tama\u00f1o"},"content":{"rendered":"","protected":false},"excerpt":{"rendered":"<p>1pc Bomba el\u00e9ctrica para el \u00f3rgano reproductor para el tama\u00f1o &#8211; Masturbador y ayuda masculina, juguete sexual para exclusiveos<\/p>\n<p>Fuente de alimentaci\u00f3n: Carga por bater\u00eda (sin enchufe)<br \/>\nCaracter\u00edsticas de la bater\u00eda: Sin bater\u00eda<\/p>\n","protected":false},"featured_media":38933,"template":"","meta":{"_acf_changed":false},"product_brand":[],"product_cat":[399],"product_tag":[],"class_list":{"0":"post-38932","1":"product","2":"type-product","3":"status-publish","4":"has-post-thumbnail","6":"product_cat-sex-toy","8":"first","9":"instock","10":"shipping-taxable","11":"purchasable","12":"product-type-simple"},"acf":[],"_links":{"self":[{"href":"https:\/\/cherrywine.org\/es\/wp-json\/wp\/v2\/product\/38932","targetHints":{"allow":["GET"]}}],"collection":[{"href":"https:\/\/cherrywine.org\/es\/wp-json\/wp\/v2\/product"}],"about":[{"href":"https:\/\/cherrywine.org\/es\/wp-json\/wp\/v2\/types\/product"}],"wp:featuredmedia":[{"embeddable":true,"href":"https:\/\/cherrywine.org\/es\/wp-json\/wp\/v2\/media\/38933"}],"wp:attachment":[{"href":"https:\/\/cherrywine.org\/es\/wp-json\/wp\/v2\/media?parent=38932"}],"wp:term":[{"taxonomy":"product_brand","embeddable":true,"href":"https:\/\/cherrywine.org\/es\/wp-json\/wp\/v2\/product_brand?post=38932"},{"taxonomy":"product_cat","embeddable":true,"href":"https:\/\/cherrywine.org\/es\/wp-json\/wp\/v2\/product_cat?post=38932"},{"taxonomy":"product_tag","embeddable":true,"href":"https:\/\/cherrywine.org\/es\/wp-json\/wp\/v2\/product_tag?post=38932"}],"curies":[{"name":"wp","href":"https:\/\/api.w.org\/{rel}","templated":true}]}}