{"id":39025,"date":"2025-02-26T13:09:53","date_gmt":"2025-02-26T18:09:53","guid":{"rendered":"https:\/\/dev-code.in\/?post_type=product&#038;p=39025"},"modified":"2025-02-26T13:09:55","modified_gmt":"2025-02-26T18:09:55","slug":"muneca-sexual-femenina-realista-de-tamano-completo-con-ganchos","status":"publish","type":"product","link":"https:\/\/cherrywine.org\/es\/shop\/sex-dolls\/muneca-sexual-femenina-realista-de-tamano-completo-con-ganchos\/","title":{"rendered":"Mu\u00f1eca sexual femenina realista de tama\u00f1o completo con ganchos"},"content":{"rendered":"","protected":false},"excerpt":{"rendered":"<p>Mu\u00f1eca hembra de tama\u00f1o realista con ganchos, material TPE, senos grandes y suaves y trasero, vers\u00e1til para juegos vaginales, anales y de senos, almacenamiento conveniente, no requiere electricidad ni bater\u00edas.<\/p>\n<p>Fuente de alimentaci\u00f3n: Uso sin electricidad<br \/>\nCaracter\u00edsticas de la bater\u00eda: Sin bater\u00eda<br \/>\nMaterial: Elast\u00f3mero termopl\u00e1stico (tpe)<\/p>\n","protected":false},"featured_media":39026,"template":"","meta":{"_acf_changed":false},"product_brand":[],"product_cat":[396],"product_tag":[],"class_list":{"0":"post-39025","1":"product","2":"type-product","3":"status-publish","4":"has-post-thumbnail","6":"product_cat-sex-dolls","8":"first","9":"instock","10":"shipping-taxable","11":"purchasable","12":"product-type-simple"},"acf":[],"_links":{"self":[{"href":"https:\/\/cherrywine.org\/es\/wp-json\/wp\/v2\/product\/39025","targetHints":{"allow":["GET"]}}],"collection":[{"href":"https:\/\/cherrywine.org\/es\/wp-json\/wp\/v2\/product"}],"about":[{"href":"https:\/\/cherrywine.org\/es\/wp-json\/wp\/v2\/types\/product"}],"wp:featuredmedia":[{"embeddable":true,"href":"https:\/\/cherrywine.org\/es\/wp-json\/wp\/v2\/media\/39026"}],"wp:attachment":[{"href":"https:\/\/cherrywine.org\/es\/wp-json\/wp\/v2\/media?parent=39025"}],"wp:term":[{"taxonomy":"product_brand","embeddable":true,"href":"https:\/\/cherrywine.org\/es\/wp-json\/wp\/v2\/product_brand?post=39025"},{"taxonomy":"product_cat","embeddable":true,"href":"https:\/\/cherrywine.org\/es\/wp-json\/wp\/v2\/product_cat?post=39025"},{"taxonomy":"product_tag","embeddable":true,"href":"https:\/\/cherrywine.org\/es\/wp-json\/wp\/v2\/product_tag?post=39025"}],"curies":[{"name":"wp","href":"https:\/\/api.w.org\/{rel}","templated":true}]}}