{"id":39041,"date":"2025-02-26T13:13:18","date_gmt":"2025-02-26T18:13:18","guid":{"rendered":"https:\/\/dev-code.in\/?post_type=product&#038;p=39041"},"modified":"2025-06-04T08:07:06","modified_gmt":"2025-06-04T13:07:06","slug":"1-muneca-sexual-de-material-100-tpe-con-3-agujeros","status":"publish","type":"product","link":"https:\/\/cherrywine.org\/es\/shop\/tpe-sex-dolls\/1-muneca-sexual-de-material-100-tpe-con-3-agujeros\/","title":{"rendered":"1 mu\u00f1eca sexual de material 100% TPE con 3 agujeros"},"content":{"rendered":"","protected":false},"excerpt":{"rendered":"<p>1pc Mu\u00f1eca Sexual de Material 100% TPE con 3 Agujeros (Oral, Vagina, Anal) \u2013 Pecho Suave, Juguete de Amor Realista para Hombres, Regalo Perfecto para exclusiveos, Dise\u00f1o Elegante de Encaje Blanco con Hombros Descubiertos, Altura de 55.91 pulgadas, Mu\u00f1eca de Amor Realista | Vestido de Encaje Elegante | Piel Realista de TPE<\/p>\n<p>Fuente de alimentaci\u00f3n: Uso sin electricidad<br \/>\nCaracter\u00edsticas de la bater\u00eda: Sin bater\u00eda<br \/>\nMarca: ZIMFANQI<br \/>\nMaterial: Elast\u00f3mero termopl\u00e1stico (tpe)<br \/>\nCon Cabeza\/Sin Cabeza: Sin cabeza<br \/>\nAltura del juguete sexual: 142cm<\/p>\n","protected":false},"featured_media":39042,"template":"","meta":{"_acf_changed":false},"product_brand":[],"product_cat":[679],"product_tag":[],"class_list":{"0":"post-39041","1":"product","2":"type-product","3":"status-publish","4":"has-post-thumbnail","6":"product_cat-tpe-sex-dolls","8":"first","9":"instock","10":"shipping-taxable","11":"purchasable","12":"product-type-simple"},"acf":[],"_links":{"self":[{"href":"https:\/\/cherrywine.org\/es\/wp-json\/wp\/v2\/product\/39041","targetHints":{"allow":["GET"]}}],"collection":[{"href":"https:\/\/cherrywine.org\/es\/wp-json\/wp\/v2\/product"}],"about":[{"href":"https:\/\/cherrywine.org\/es\/wp-json\/wp\/v2\/types\/product"}],"wp:featuredmedia":[{"embeddable":true,"href":"https:\/\/cherrywine.org\/es\/wp-json\/wp\/v2\/media\/39042"}],"wp:attachment":[{"href":"https:\/\/cherrywine.org\/es\/wp-json\/wp\/v2\/media?parent=39041"}],"wp:term":[{"taxonomy":"product_brand","embeddable":true,"href":"https:\/\/cherrywine.org\/es\/wp-json\/wp\/v2\/product_brand?post=39041"},{"taxonomy":"product_cat","embeddable":true,"href":"https:\/\/cherrywine.org\/es\/wp-json\/wp\/v2\/product_cat?post=39041"},{"taxonomy":"product_tag","embeddable":true,"href":"https:\/\/cherrywine.org\/es\/wp-json\/wp\/v2\/product_tag?post=39041"}],"curies":[{"name":"wp","href":"https:\/\/api.w.org\/{rel}","templated":true}]}}