{"id":39055,"date":"2025-02-26T13:16:23","date_gmt":"2025-02-26T18:16:23","guid":{"rendered":"https:\/\/dev-code.in\/?post_type=product&#038;p=39055"},"modified":"2025-02-26T13:16:25","modified_gmt":"2025-02-26T18:16:25","slug":"1-pieza-muneca-de-amor-de-silicona-tpe-de-cuerpo-completo-realista","status":"publish","type":"product","link":"https:\/\/cherrywine.org\/es\/shop\/sex-dolls\/1-pieza-muneca-de-amor-de-silicona-tpe-de-cuerpo-completo-realista\/","title":{"rendered":"1 pieza Mu\u00f1eca de amor de silicona TPE de cuerpo completo realista"},"content":{"rendered":"","protected":false},"excerpt":{"rendered":"<p>1pc Mu\u00f1eca de amor de silicona TPE de cuerpo completo realista, pechos y pies de gelatina realistas, juguete sexual de pie para hombres, sin cabeza, tama\u00f1o exclusiveo<\/p>\n<p>Fuente de alimentaci\u00f3n: Uso sin electricidad<br \/>\nCaracter\u00edsticas de la bater\u00eda: Sin bater\u00eda<br \/>\nMaterial: Elast\u00f3mero termopl\u00e1stico (tpe)<br \/>\nCon Cabeza\/Sin Cabeza: Sin cabeza<br \/>\nAltura del juguete sexual: 140cm<\/p>\n","protected":false},"featured_media":39056,"template":"","meta":{"_acf_changed":false},"product_brand":[],"product_cat":[396],"product_tag":[],"class_list":{"0":"post-39055","1":"product","2":"type-product","3":"status-publish","4":"has-post-thumbnail","6":"product_cat-sex-dolls","8":"first","9":"instock","10":"shipping-taxable","11":"purchasable","12":"product-type-simple"},"acf":[],"_links":{"self":[{"href":"https:\/\/cherrywine.org\/es\/wp-json\/wp\/v2\/product\/39055","targetHints":{"allow":["GET"]}}],"collection":[{"href":"https:\/\/cherrywine.org\/es\/wp-json\/wp\/v2\/product"}],"about":[{"href":"https:\/\/cherrywine.org\/es\/wp-json\/wp\/v2\/types\/product"}],"wp:featuredmedia":[{"embeddable":true,"href":"https:\/\/cherrywine.org\/es\/wp-json\/wp\/v2\/media\/39056"}],"wp:attachment":[{"href":"https:\/\/cherrywine.org\/es\/wp-json\/wp\/v2\/media?parent=39055"}],"wp:term":[{"taxonomy":"product_brand","embeddable":true,"href":"https:\/\/cherrywine.org\/es\/wp-json\/wp\/v2\/product_brand?post=39055"},{"taxonomy":"product_cat","embeddable":true,"href":"https:\/\/cherrywine.org\/es\/wp-json\/wp\/v2\/product_cat?post=39055"},{"taxonomy":"product_tag","embeddable":true,"href":"https:\/\/cherrywine.org\/es\/wp-json\/wp\/v2\/product_tag?post=39055"}],"curies":[{"name":"wp","href":"https:\/\/api.w.org\/{rel}","templated":true}]}}