{"id":39119,"date":"2025-02-26T13:32:25","date_gmt":"2025-02-26T18:32:25","guid":{"rendered":"https:\/\/dev-code.in\/?post_type=product&#038;p=39119"},"modified":"2025-02-26T13:32:27","modified_gmt":"2025-02-26T18:32:27","slug":"1-pieza-muneca-sexual-realista-para-hombres","status":"publish","type":"product","link":"https:\/\/cherrywine.org\/es\/shop\/sex-dolls\/1-pieza-muneca-sexual-realista-para-hombres\/","title":{"rendered":"1 pieza mu\u00f1eca sexual realista para hombres"},"content":{"rendered":"","protected":false},"excerpt":{"rendered":"<p>1pc Mu\u00f1eca Sexual Realista para Hombres &#8211; Material TPE de 3 Agujeros, Pecho Suave &#038; Anal, Juguete de Placer Vaginal Oral con Regalo Adicional, Mu\u00f1eca de Amor para exclusiveos, romantic<\/p>\n<p>Fuente de alimentaci\u00f3n: Uso sin electricidad<br \/>\nCaracter\u00edsticas de la bater\u00eda: Sin bater\u00eda<br \/>\nMarca: ZIMFANQI<br \/>\nMaterial: Elast\u00f3mero termopl\u00e1stico (tpe)<br \/>\nCon Cabeza\/Sin Cabeza: Sin cabeza<br \/>\nAltura del juguete sexual: 142cm<\/p>\n","protected":false},"featured_media":39120,"template":"","meta":{"_acf_changed":false},"product_brand":[],"product_cat":[396],"product_tag":[],"class_list":{"0":"post-39119","1":"product","2":"type-product","3":"status-publish","4":"has-post-thumbnail","6":"product_cat-sex-dolls","8":"first","9":"instock","10":"shipping-taxable","11":"purchasable","12":"product-type-simple"},"acf":[],"_links":{"self":[{"href":"https:\/\/cherrywine.org\/es\/wp-json\/wp\/v2\/product\/39119","targetHints":{"allow":["GET"]}}],"collection":[{"href":"https:\/\/cherrywine.org\/es\/wp-json\/wp\/v2\/product"}],"about":[{"href":"https:\/\/cherrywine.org\/es\/wp-json\/wp\/v2\/types\/product"}],"wp:featuredmedia":[{"embeddable":true,"href":"https:\/\/cherrywine.org\/es\/wp-json\/wp\/v2\/media\/39120"}],"wp:attachment":[{"href":"https:\/\/cherrywine.org\/es\/wp-json\/wp\/v2\/media?parent=39119"}],"wp:term":[{"taxonomy":"product_brand","embeddable":true,"href":"https:\/\/cherrywine.org\/es\/wp-json\/wp\/v2\/product_brand?post=39119"},{"taxonomy":"product_cat","embeddable":true,"href":"https:\/\/cherrywine.org\/es\/wp-json\/wp\/v2\/product_cat?post=39119"},{"taxonomy":"product_tag","embeddable":true,"href":"https:\/\/cherrywine.org\/es\/wp-json\/wp\/v2\/product_tag?post=39119"}],"curies":[{"name":"wp","href":"https:\/\/api.w.org\/{rel}","templated":true}]}}