{"id":39155,"date":"2025-02-26T13:42:54","date_gmt":"2025-02-26T18:42:54","guid":{"rendered":"https:\/\/dev-code.in\/?post_type=product&#038;p=39155"},"modified":"2025-02-26T13:42:56","modified_gmt":"2025-02-26T18:42:56","slug":"1-muneca-realista-de-masturbacion-femenina-de-tamano-completo","status":"publish","type":"product","link":"https:\/\/cherrywine.org\/es\/shop\/sex-dolls\/1-muneca-realista-de-masturbacion-femenina-de-tamano-completo\/","title":{"rendered":"1 mu\u00f1eca realista de masturbaci\u00f3n femenina de tama\u00f1o completo"},"content":{"rendered":"","protected":false},"excerpt":{"rendered":"<p>1 Mu\u00f1eca de Masturbaci\u00f3n Femenina Realista de Tama\u00f1o Completo, Cuerpo de TPE Suave, Pecho y Caderas El\u00e1sticos, Articulaciones Giratorias, Es un Juguete de Juego Ideal para exclusiveos para Hombres, No Necesita Bater\u00edas, Reg\u00e1lale un Regalo de San Valent\u00edn<\/p>\n<p>Fuente de alimentaci\u00f3n: Uso sin electricidad<br \/>\nCaracter\u00edsticas de la bater\u00eda: Sin bater\u00eda<br \/>\nMaterial: Elast\u00f3mero termopl\u00e1stico (tpe)<br \/>\nCon Cabeza\/Sin Cabeza: Sin cabeza<br \/>\nAltura del juguete sexual: 140cm<\/p>\n","protected":false},"featured_media":39156,"template":"","meta":{"_acf_changed":false},"product_brand":[],"product_cat":[396],"product_tag":[],"class_list":{"0":"post-39155","1":"product","2":"type-product","3":"status-publish","4":"has-post-thumbnail","6":"product_cat-sex-dolls","8":"first","9":"instock","10":"shipping-taxable","11":"purchasable","12":"product-type-simple"},"acf":[],"_links":{"self":[{"href":"https:\/\/cherrywine.org\/es\/wp-json\/wp\/v2\/product\/39155","targetHints":{"allow":["GET"]}}],"collection":[{"href":"https:\/\/cherrywine.org\/es\/wp-json\/wp\/v2\/product"}],"about":[{"href":"https:\/\/cherrywine.org\/es\/wp-json\/wp\/v2\/types\/product"}],"wp:featuredmedia":[{"embeddable":true,"href":"https:\/\/cherrywine.org\/es\/wp-json\/wp\/v2\/media\/39156"}],"wp:attachment":[{"href":"https:\/\/cherrywine.org\/es\/wp-json\/wp\/v2\/media?parent=39155"}],"wp:term":[{"taxonomy":"product_brand","embeddable":true,"href":"https:\/\/cherrywine.org\/es\/wp-json\/wp\/v2\/product_brand?post=39155"},{"taxonomy":"product_cat","embeddable":true,"href":"https:\/\/cherrywine.org\/es\/wp-json\/wp\/v2\/product_cat?post=39155"},{"taxonomy":"product_tag","embeddable":true,"href":"https:\/\/cherrywine.org\/es\/wp-json\/wp\/v2\/product_tag?post=39155"}],"curies":[{"name":"wp","href":"https:\/\/api.w.org\/{rel}","templated":true}]}}