{"id":39277,"date":"2025-02-26T14:16:19","date_gmt":"2025-02-26T19:16:19","guid":{"rendered":"https:\/\/dev-code.in\/?post_type=product&#038;p=39277"},"modified":"2025-02-26T14:16:21","modified_gmt":"2025-02-26T19:16:21","slug":"1-muneca-sexual-troso-femenina-de-cuerpo-completo-tpe-realista","status":"publish","type":"product","link":"https:\/\/cherrywine.org\/es\/shop\/sex-dolls\/1-muneca-sexual-troso-femenina-de-cuerpo-completo-tpe-realista\/","title":{"rendered":"1 mu\u00f1eca sexual Troso femenina de cuerpo completo TPE realista"},"content":{"rendered":"","protected":false},"excerpt":{"rendered":"<p>1pc Mu\u00f1eca sexual de cuerpo completo femenino de TPE realista, mu\u00f1eca de amor realista de 55.12 pulgadas para hombres, no requiere bater\u00eda, mu\u00f1eca de compa\u00f1\u00eda para exclusiveos<\/p>\n<p>Fuente de alimentaci\u00f3n: Uso sin electricidad<br \/>\nCaracter\u00edsticas de la bater\u00eda: Sin bater\u00eda<br \/>\nMaterial: Elast\u00f3mero termopl\u00e1stico (tpe)<br \/>\nCon Cabeza\/Sin Cabeza: Sin cabeza<br \/>\nAltura del juguete sexual: 142cm<\/p>\n","protected":false},"featured_media":39278,"template":"","meta":{"_acf_changed":false},"product_brand":[],"product_cat":[396],"product_tag":[],"class_list":{"0":"post-39277","1":"product","2":"type-product","3":"status-publish","4":"has-post-thumbnail","6":"product_cat-sex-dolls","8":"first","9":"instock","10":"shipping-taxable","11":"purchasable","12":"product-type-simple"},"acf":[],"_links":{"self":[{"href":"https:\/\/cherrywine.org\/es\/wp-json\/wp\/v2\/product\/39277","targetHints":{"allow":["GET"]}}],"collection":[{"href":"https:\/\/cherrywine.org\/es\/wp-json\/wp\/v2\/product"}],"about":[{"href":"https:\/\/cherrywine.org\/es\/wp-json\/wp\/v2\/types\/product"}],"wp:featuredmedia":[{"embeddable":true,"href":"https:\/\/cherrywine.org\/es\/wp-json\/wp\/v2\/media\/39278"}],"wp:attachment":[{"href":"https:\/\/cherrywine.org\/es\/wp-json\/wp\/v2\/media?parent=39277"}],"wp:term":[{"taxonomy":"product_brand","embeddable":true,"href":"https:\/\/cherrywine.org\/es\/wp-json\/wp\/v2\/product_brand?post=39277"},{"taxonomy":"product_cat","embeddable":true,"href":"https:\/\/cherrywine.org\/es\/wp-json\/wp\/v2\/product_cat?post=39277"},{"taxonomy":"product_tag","embeddable":true,"href":"https:\/\/cherrywine.org\/es\/wp-json\/wp\/v2\/product_tag?post=39277"}],"curies":[{"name":"wp","href":"https:\/\/api.w.org\/{rel}","templated":true}]}}