{"id":39300,"date":"2025-02-26T14:24:29","date_gmt":"2025-02-26T19:24:29","guid":{"rendered":"https:\/\/dev-code.in\/?post_type=product&#038;p=39300"},"modified":"2025-02-26T14:24:30","modified_gmt":"2025-02-26T19:24:30","slug":"1-muneca-sexual-troso-femenina-realista-de-cuerpo-completo-tpe","status":"publish","type":"product","link":"https:\/\/cherrywine.org\/es\/shop\/sex-dolls\/1-muneca-sexual-troso-femenina-realista-de-cuerpo-completo-tpe\/","title":{"rendered":"1 mu\u00f1eca sexual Troso femenina realista de cuerpo completo TPE"},"content":{"rendered":"","protected":false},"excerpt":{"rendered":"<p>1 Realista TPE Cuerpo Completo Mujer Troso Mu\u00f1eca Sexual, 55.12 pulgadas Realista Mu\u00f1eca de Amor para Hombres, No Se Requieren Bater\u00edas, Mu\u00f1eca de Compa\u00f1\u00eda para exclusiveos, Regalo de San Valent\u00edn para \u00c9l<\/p>\n<p>Fuente de alimentaci\u00f3n: Uso sin electricidad<br \/>\nCaracter\u00edsticas de la bater\u00eda: Sin bater\u00eda<br \/>\nMaterial: Elast\u00f3mero termopl\u00e1stico (tpe)<br \/>\nCon Cabeza\/Sin Cabeza: Sin cabeza<br \/>\nAltura del juguete sexual: 140cm<\/p>\n","protected":false},"featured_media":39301,"template":"","meta":{"_acf_changed":false},"product_brand":[],"product_cat":[396],"product_tag":[],"class_list":{"0":"post-39300","1":"product","2":"type-product","3":"status-publish","4":"has-post-thumbnail","6":"product_cat-sex-dolls","8":"first","9":"instock","10":"shipping-taxable","11":"purchasable","12":"product-type-simple"},"acf":[],"_links":{"self":[{"href":"https:\/\/cherrywine.org\/es\/wp-json\/wp\/v2\/product\/39300","targetHints":{"allow":["GET"]}}],"collection":[{"href":"https:\/\/cherrywine.org\/es\/wp-json\/wp\/v2\/product"}],"about":[{"href":"https:\/\/cherrywine.org\/es\/wp-json\/wp\/v2\/types\/product"}],"wp:featuredmedia":[{"embeddable":true,"href":"https:\/\/cherrywine.org\/es\/wp-json\/wp\/v2\/media\/39301"}],"wp:attachment":[{"href":"https:\/\/cherrywine.org\/es\/wp-json\/wp\/v2\/media?parent=39300"}],"wp:term":[{"taxonomy":"product_brand","embeddable":true,"href":"https:\/\/cherrywine.org\/es\/wp-json\/wp\/v2\/product_brand?post=39300"},{"taxonomy":"product_cat","embeddable":true,"href":"https:\/\/cherrywine.org\/es\/wp-json\/wp\/v2\/product_cat?post=39300"},{"taxonomy":"product_tag","embeddable":true,"href":"https:\/\/cherrywine.org\/es\/wp-json\/wp\/v2\/product_tag?post=39300"}],"curies":[{"name":"wp","href":"https:\/\/api.w.org\/{rel}","templated":true}]}}