{"id":39321,"date":"2025-02-26T14:31:21","date_gmt":"2025-02-26T19:31:21","guid":{"rendered":"https:\/\/dev-code.in\/?post_type=product&#038;p=39321"},"modified":"2025-06-05T01:13:10","modified_gmt":"2025-06-05T06:13:10","slug":"1-muneca-de-amor-zimfan-sexy-tpe-con-3-agujeros","status":"publish","type":"product","link":"https:\/\/cherrywine.org\/es\/shop\/tpe-sex-dolls\/1-muneca-de-amor-zimfan-sexy-tpe-con-3-agujeros\/","title":{"rendered":"1 mu\u00f1eca de amor Zimfan sexy TPE con 3 agujeros"},"content":{"rendered":"","protected":false},"excerpt":{"rendered":"<p>1pc Zimfan Mu\u00f1eca de Amor Sexy TPE con 3 Agujeros &#8211; Oral, Vagina, Anal &amp; Pecho Suave &#8211; Dise\u00f1o de Cuello Halter Azul Claro &#8211; Juguete Realista para exclusiveos para Hombres, Regalo Perfecto para Amor y Afecto, Mu\u00f1eca Realista para exclusiveos | Dise\u00f1o romantic | Tpe de Alta Calidad, Mu\u00f1eca Sexual Ultra Realista<\/p>\n<p>Fuente de alimentaci\u00f3n: Uso sin electricidad<br \/>\nCaracter\u00edsticas de la bater\u00eda: Sin bater\u00eda<br \/>\nMarca: ZIMFANQI<br \/>\nMaterial: Elast\u00f3mero termopl\u00e1stico (tpe)<br \/>\nCon Cabeza\/Sin Cabeza: Sin cabeza<br \/>\nAltura del juguete sexual: 142cm<\/p>\n","protected":false},"featured_media":39322,"template":"","meta":{"_acf_changed":false},"product_brand":[],"product_cat":[679],"product_tag":[],"class_list":{"0":"post-39321","1":"product","2":"type-product","3":"status-publish","4":"has-post-thumbnail","6":"product_cat-tpe-sex-dolls","8":"first","9":"instock","10":"shipping-taxable","11":"purchasable","12":"product-type-simple"},"acf":[],"_links":{"self":[{"href":"https:\/\/cherrywine.org\/es\/wp-json\/wp\/v2\/product\/39321","targetHints":{"allow":["GET"]}}],"collection":[{"href":"https:\/\/cherrywine.org\/es\/wp-json\/wp\/v2\/product"}],"about":[{"href":"https:\/\/cherrywine.org\/es\/wp-json\/wp\/v2\/types\/product"}],"wp:featuredmedia":[{"embeddable":true,"href":"https:\/\/cherrywine.org\/es\/wp-json\/wp\/v2\/media\/39322"}],"wp:attachment":[{"href":"https:\/\/cherrywine.org\/es\/wp-json\/wp\/v2\/media?parent=39321"}],"wp:term":[{"taxonomy":"product_brand","embeddable":true,"href":"https:\/\/cherrywine.org\/es\/wp-json\/wp\/v2\/product_brand?post=39321"},{"taxonomy":"product_cat","embeddable":true,"href":"https:\/\/cherrywine.org\/es\/wp-json\/wp\/v2\/product_cat?post=39321"},{"taxonomy":"product_tag","embeddable":true,"href":"https:\/\/cherrywine.org\/es\/wp-json\/wp\/v2\/product_tag?post=39321"}],"curies":[{"name":"wp","href":"https:\/\/api.w.org\/{rel}","templated":true}]}}