{"id":39351,"date":"2025-02-26T14:46:40","date_gmt":"2025-02-26T19:46:40","guid":{"rendered":"https:\/\/dev-code.in\/?post_type=product&#038;p=39351"},"modified":"2025-06-05T01:42:30","modified_gmt":"2025-06-05T06:42:30","slug":"1-pieza-muneca-de-torso-de-silicona-femenina-realista-material-tpe","status":"publish","type":"product","link":"https:\/\/cherrywine.org\/es\/shop\/torso-sex-doll\/1-pieza-muneca-de-torso-de-silicona-femenina-realista-material-tpe\/","title":{"rendered":"1 pieza mu\u00f1eca de torso de silicona femenina realista, material TPE"},"content":{"rendered":"","protected":false},"excerpt":{"rendered":"<p>1 mu\u00f1eca de torso femenino realista de silicona, material TPE, senos de gel realistas, no requiere bater\u00eda, 142cm de altura, con mu\u00f1eca de cuerpo completo para exclusiveos, juguete sexual de pie<\/p>\n<p>Fuente de alimentaci\u00f3n: Uso sin electricidad<br \/>\nCaracter\u00edsticas de la bater\u00eda: Sin bater\u00eda<br \/>\nMaterial: Elast\u00f3mero termopl\u00e1stico (tpe)<br \/>\nCon Cabeza\/Sin Cabeza: Sin cabeza<br \/>\nAltura del juguete sexual: 142cm<\/p>\n","protected":false},"featured_media":39352,"template":"","meta":{"_acf_changed":false},"product_brand":[],"product_cat":[680],"product_tag":[],"class_list":{"0":"post-39351","1":"product","2":"type-product","3":"status-publish","4":"has-post-thumbnail","6":"product_cat-torso-sex-doll","8":"first","9":"instock","10":"shipping-taxable","11":"purchasable","12":"product-type-simple"},"acf":[],"_links":{"self":[{"href":"https:\/\/cherrywine.org\/es\/wp-json\/wp\/v2\/product\/39351","targetHints":{"allow":["GET"]}}],"collection":[{"href":"https:\/\/cherrywine.org\/es\/wp-json\/wp\/v2\/product"}],"about":[{"href":"https:\/\/cherrywine.org\/es\/wp-json\/wp\/v2\/types\/product"}],"wp:featuredmedia":[{"embeddable":true,"href":"https:\/\/cherrywine.org\/es\/wp-json\/wp\/v2\/media\/39352"}],"wp:attachment":[{"href":"https:\/\/cherrywine.org\/es\/wp-json\/wp\/v2\/media?parent=39351"}],"wp:term":[{"taxonomy":"product_brand","embeddable":true,"href":"https:\/\/cherrywine.org\/es\/wp-json\/wp\/v2\/product_brand?post=39351"},{"taxonomy":"product_cat","embeddable":true,"href":"https:\/\/cherrywine.org\/es\/wp-json\/wp\/v2\/product_cat?post=39351"},{"taxonomy":"product_tag","embeddable":true,"href":"https:\/\/cherrywine.org\/es\/wp-json\/wp\/v2\/product_tag?post=39351"}],"curies":[{"name":"wp","href":"https:\/\/api.w.org\/{rel}","templated":true}]}}