{"id":39375,"date":"2025-02-26T14:53:35","date_gmt":"2025-02-26T19:53:35","guid":{"rendered":"https:\/\/dev-code.in\/?post_type=product&#038;p=39375"},"modified":"2025-02-26T14:53:36","modified_gmt":"2025-02-26T19:53:36","slug":"muneca-sexual-realista-de-tamano-completo-muneca-sexual-de-cuerpo-vida","status":"publish","type":"product","link":"https:\/\/cherrywine.org\/es\/shop\/sex-dolls\/muneca-sexual-realista-de-tamano-completo-muneca-sexual-de-cuerpo-vida\/","title":{"rendered":"Mu\u00f1eca sexual realista de tama\u00f1o completo, mu\u00f1eca sexual de cuerpo, vida"},"content":{"rendered":"","protected":false},"excerpt":{"rendered":"<p>Mu\u00f1eca de sexo realista de cuerpo completo Mu\u00f1eca de sexo de tama\u00f1o natural para hombre Mu\u00f1eca de sexo de silic\u00f3n TPE para hombres Torso de mu\u00f1eca de amor para hombre Realista como una persona peque\u00f1a Juguete sexual con senos y trasero de gelatina<\/p>\n<p>Fuente de alimentaci\u00f3n: Uso sin electricidad<br \/>\nCaracter\u00edsticas de la bater\u00eda: Sin bater\u00eda<br \/>\nMaterial: Elast\u00f3mero termopl\u00e1stico (tpe)<br \/>\nCon Cabeza\/Sin Cabeza: Sin cabeza<br \/>\nAltura del juguete sexual: 153cm<\/p>\n","protected":false},"featured_media":39376,"template":"","meta":{"_acf_changed":false},"product_brand":[],"product_cat":[396],"product_tag":[],"class_list":{"0":"post-39375","1":"product","2":"type-product","3":"status-publish","4":"has-post-thumbnail","6":"product_cat-sex-dolls","8":"first","9":"instock","10":"shipping-taxable","11":"purchasable","12":"product-type-simple"},"acf":[],"_links":{"self":[{"href":"https:\/\/cherrywine.org\/es\/wp-json\/wp\/v2\/product\/39375","targetHints":{"allow":["GET"]}}],"collection":[{"href":"https:\/\/cherrywine.org\/es\/wp-json\/wp\/v2\/product"}],"about":[{"href":"https:\/\/cherrywine.org\/es\/wp-json\/wp\/v2\/types\/product"}],"wp:featuredmedia":[{"embeddable":true,"href":"https:\/\/cherrywine.org\/es\/wp-json\/wp\/v2\/media\/39376"}],"wp:attachment":[{"href":"https:\/\/cherrywine.org\/es\/wp-json\/wp\/v2\/media?parent=39375"}],"wp:term":[{"taxonomy":"product_brand","embeddable":true,"href":"https:\/\/cherrywine.org\/es\/wp-json\/wp\/v2\/product_brand?post=39375"},{"taxonomy":"product_cat","embeddable":true,"href":"https:\/\/cherrywine.org\/es\/wp-json\/wp\/v2\/product_cat?post=39375"},{"taxonomy":"product_tag","embeddable":true,"href":"https:\/\/cherrywine.org\/es\/wp-json\/wp\/v2\/product_tag?post=39375"}],"curies":[{"name":"wp","href":"https:\/\/api.w.org\/{rel}","templated":true}]}}