{"id":39493,"date":"2025-02-27T06:51:31","date_gmt":"2025-02-27T11:51:31","guid":{"rendered":"https:\/\/dev-code.in\/?post_type=product&#038;p=39493"},"modified":"2025-06-04T06:58:16","modified_gmt":"2025-06-04T11:58:16","slug":"muneca-femenina-realista-de-tpe-de-tamano-completo","status":"publish","type":"product","link":"https:\/\/cherrywine.org\/es\/shop\/sex-toy\/muneca-femenina-realista-de-tpe-de-tamano-completo\/","title":{"rendered":"Mu\u00f1eca femenina realista de TPE de tama\u00f1o completo"},"content":{"rendered":"","protected":false},"excerpt":{"rendered":"<p>1 mu\u00f1eca femenina de TPE de tama\u00f1o realista, suave y flexible, sin necesidad de bater\u00eda, 60.24 pulgadas de compa\u00f1era para exclusiveos con dise\u00f1o de 3 agujeros, nalgas el\u00e1sticas, experiencia de pasi\u00f3n desatada<\/p>\n<p>Fuente de alimentaci\u00f3n: Uso sin electricidad<br \/>\nCaracter\u00edsticas de la bater\u00eda: Sin bater\u00eda<br \/>\nMaterial: Elast\u00f3mero termopl\u00e1stico (tpe)<br \/>\nCon Cabeza\/Sin Cabeza: Sin cabeza<br \/>\nAltura del juguete sexual: 153cm<\/p>\n","protected":false},"featured_media":39494,"template":"","meta":{"_acf_changed":false},"product_brand":[],"product_cat":[399],"product_tag":[],"class_list":{"0":"post-39493","1":"product","2":"type-product","3":"status-publish","4":"has-post-thumbnail","6":"product_cat-sex-toy","8":"first","9":"instock","10":"shipping-taxable","11":"purchasable","12":"product-type-simple"},"acf":[],"_links":{"self":[{"href":"https:\/\/cherrywine.org\/es\/wp-json\/wp\/v2\/product\/39493","targetHints":{"allow":["GET"]}}],"collection":[{"href":"https:\/\/cherrywine.org\/es\/wp-json\/wp\/v2\/product"}],"about":[{"href":"https:\/\/cherrywine.org\/es\/wp-json\/wp\/v2\/types\/product"}],"wp:featuredmedia":[{"embeddable":true,"href":"https:\/\/cherrywine.org\/es\/wp-json\/wp\/v2\/media\/39494"}],"wp:attachment":[{"href":"https:\/\/cherrywine.org\/es\/wp-json\/wp\/v2\/media?parent=39493"}],"wp:term":[{"taxonomy":"product_brand","embeddable":true,"href":"https:\/\/cherrywine.org\/es\/wp-json\/wp\/v2\/product_brand?post=39493"},{"taxonomy":"product_cat","embeddable":true,"href":"https:\/\/cherrywine.org\/es\/wp-json\/wp\/v2\/product_cat?post=39493"},{"taxonomy":"product_tag","embeddable":true,"href":"https:\/\/cherrywine.org\/es\/wp-json\/wp\/v2\/product_tag?post=39493"}],"curies":[{"name":"wp","href":"https:\/\/api.w.org\/{rel}","templated":true}]}}