{"id":39512,"date":"2025-02-27T07:07:59","date_gmt":"2025-02-27T12:07:59","guid":{"rendered":"https:\/\/dev-code.in\/?post_type=product&#038;p=39512"},"modified":"2025-02-27T07:08:00","modified_gmt":"2025-02-27T12:08:00","slug":"muneca-de-amor-de-cuerpo-completo-tpe-realista-de-5512-pulgadas","status":"publish","type":"product","link":"https:\/\/cherrywine.org\/es\/shop\/sex-dolls\/muneca-de-amor-de-cuerpo-completo-tpe-realista-de-5512-pulgadas\/","title":{"rendered":"Mu\u00f1eca de amor de cuerpo completo TPE realista de 55,12 pulgadas"},"content":{"rendered":"","protected":false},"excerpt":{"rendered":"<p>Mu\u00f1eca de Amor Realista de Cuerpo Completo TPE de 55.12 pulgadas &#8211; Sin Bater\u00eda, Conjunto de Denim Azul con Encaje, Mu\u00f1eca Compa\u00f1era para exclusiveos, Regalo Perfecto para San Valent\u00edn para \u00c9l, Mu\u00f1eca de Amor Realista | Dise\u00f1o con Encaje | Material de Tacto Realista<\/p>\n<p>Fuente de alimentaci\u00f3n: Uso sin electricidad<br \/>\nCaracter\u00edsticas de la bater\u00eda: Sin bater\u00eda<br \/>\nMaterial: Elast\u00f3mero termopl\u00e1stico (tpe)<br \/>\nCon Cabeza\/Sin Cabeza: Sin cabeza<br \/>\nAltura del juguete sexual: 140cm<\/p>\n","protected":false},"featured_media":39513,"template":"","meta":{"_acf_changed":false},"product_brand":[],"product_cat":[396],"product_tag":[],"class_list":{"0":"post-39512","1":"product","2":"type-product","3":"status-publish","4":"has-post-thumbnail","6":"product_cat-sex-dolls","8":"first","9":"instock","10":"shipping-taxable","11":"purchasable","12":"product-type-simple"},"acf":[],"_links":{"self":[{"href":"https:\/\/cherrywine.org\/es\/wp-json\/wp\/v2\/product\/39512","targetHints":{"allow":["GET"]}}],"collection":[{"href":"https:\/\/cherrywine.org\/es\/wp-json\/wp\/v2\/product"}],"about":[{"href":"https:\/\/cherrywine.org\/es\/wp-json\/wp\/v2\/types\/product"}],"wp:featuredmedia":[{"embeddable":true,"href":"https:\/\/cherrywine.org\/es\/wp-json\/wp\/v2\/media\/39513"}],"wp:attachment":[{"href":"https:\/\/cherrywine.org\/es\/wp-json\/wp\/v2\/media?parent=39512"}],"wp:term":[{"taxonomy":"product_brand","embeddable":true,"href":"https:\/\/cherrywine.org\/es\/wp-json\/wp\/v2\/product_brand?post=39512"},{"taxonomy":"product_cat","embeddable":true,"href":"https:\/\/cherrywine.org\/es\/wp-json\/wp\/v2\/product_cat?post=39512"},{"taxonomy":"product_tag","embeddable":true,"href":"https:\/\/cherrywine.org\/es\/wp-json\/wp\/v2\/product_tag?post=39512"}],"curies":[{"name":"wp","href":"https:\/\/api.w.org\/{rel}","templated":true}]}}