{"id":39524,"date":"2025-02-27T07:12:41","date_gmt":"2025-02-27T12:12:41","guid":{"rendered":"https:\/\/dev-code.in\/?post_type=product&#038;p=39524"},"modified":"2025-05-27T20:53:37","modified_gmt":"2025-05-28T01:53:37","slug":"muneca-sexual-femenina-de-cuerpo-completo-tpe-realista","status":"publish","type":"product","link":"https:\/\/cherrywine.org\/es\/shop\/sex-dolls\/muneca-sexual-femenina-de-cuerpo-completo-tpe-realista\/","title":{"rendered":"Mu\u00f1eca sexual femenina de cuerpo completo TPE realista"},"content":{"rendered":"","protected":false},"excerpt":{"rendered":"<p>1 Mu\u00f1eca Sexual Femenina Realista de TPE de Cuerpo Completo, 55.12 pulgadas Mu\u00f1eca de Amor Masculina Realista, No Requiere Bater\u00edas, Mu\u00f1eca Compa\u00f1era para exclusiveos, Regalo Ideal para San Valent\u00edn para \u00c9l<\/p>\n<p>Fuente de alimentaci\u00f3n: Uso sin electricidad<br \/>\nCaracter\u00edsticas de la bater\u00eda: Sin bater\u00eda<br \/>\nMaterial: Elast\u00f3mero termopl\u00e1stico (tpe)<br \/>\nCon Cabeza\/Sin Cabeza: Sin cabeza<br \/>\nAltura del juguete sexual: 140cm<\/p>\n","protected":false},"featured_media":39525,"template":"","meta":{"_acf_changed":false},"product_brand":[],"product_cat":[396,675],"product_tag":[],"class_list":{"0":"post-39524","1":"product","2":"type-product","3":"status-publish","4":"has-post-thumbnail","6":"product_cat-sex-dolls","7":"product_cat-full-body-sex-doll","9":"first","10":"instock","11":"shipping-taxable","12":"purchasable","13":"product-type-simple"},"acf":[],"_links":{"self":[{"href":"https:\/\/cherrywine.org\/es\/wp-json\/wp\/v2\/product\/39524","targetHints":{"allow":["GET"]}}],"collection":[{"href":"https:\/\/cherrywine.org\/es\/wp-json\/wp\/v2\/product"}],"about":[{"href":"https:\/\/cherrywine.org\/es\/wp-json\/wp\/v2\/types\/product"}],"wp:featuredmedia":[{"embeddable":true,"href":"https:\/\/cherrywine.org\/es\/wp-json\/wp\/v2\/media\/39525"}],"wp:attachment":[{"href":"https:\/\/cherrywine.org\/es\/wp-json\/wp\/v2\/media?parent=39524"}],"wp:term":[{"taxonomy":"product_brand","embeddable":true,"href":"https:\/\/cherrywine.org\/es\/wp-json\/wp\/v2\/product_brand?post=39524"},{"taxonomy":"product_cat","embeddable":true,"href":"https:\/\/cherrywine.org\/es\/wp-json\/wp\/v2\/product_cat?post=39524"},{"taxonomy":"product_tag","embeddable":true,"href":"https:\/\/cherrywine.org\/es\/wp-json\/wp\/v2\/product_tag?post=39524"}],"curies":[{"name":"wp","href":"https:\/\/api.w.org\/{rel}","templated":true}]}}